{"id":10032,"date":"2024-07-25T09:41:00","date_gmt":"2024-07-25T13:41:00","guid":{"rendered":"https:\/\/distillerieduquai.com\/?post_type=product&#038;p=10032"},"modified":"2026-05-08T03:05:24","modified_gmt":"2026-05-08T07:05:24","slug":"sirop-a-cocktail-ddq-double-vanille","status":"publish","type":"product","link":"https:\/\/distillerieduquai.com\/en\/boutique\/sirops\/sirop-a-cocktail-ddq-double-vanille\/","title":{"rendered":"Sirop DDQ &#8211; Double Vanille"},"content":{"rendered":"<p>Fabriqu\u00e9 fi\u00e8rement \u00e0 notre distillerie, passez \u00e0 l&#039;\u00e9tape sup\u00e9rieur dans la conception de vos cocktails.<br \/>Vous pouvez m\u00eame les utiliser dans vos desserts!<\/p>\n<p>357 ml \u2013 15% alc.\/vol.<br \/>Sans agent de conservation<\/p>\n","protected":false},"excerpt":{"rendered":"<p>Fabriqu\u00e9 fi\u00e8rement \u00e0 notre distillerie, passez \u00e0 l&#039;\u00e9tape sup\u00e9rieur dans la conception de vos cocktails.Vous pouvez m\u00eame les utiliser dans vos desserts! 357 ml \u2013 15% alc.\/vol.Sans agent de conservation<\/p>\n","protected":false},"featured_media":11128,"template":"","meta":{"_acf_changed":false},"product_brand":[],"product_cat":[244],"product_tag":[],"class_list":{"0":"post-10032","1":"product","2":"type-product","3":"status-publish","4":"has-post-thumbnail","6":"product_cat-sirops","8":"first","9":"instock","10":"taxable","11":"shipping-taxable","12":"purchasable","13":"product-type-simple"},"acf":[],"jetpack_sharing_enabled":true,"_links":{"self":[{"href":"https:\/\/distillerieduquai.com\/en\/wp-json\/wp\/v2\/product\/10032","targetHints":{"allow":["GET"]}}],"collection":[{"href":"https:\/\/distillerieduquai.com\/en\/wp-json\/wp\/v2\/product"}],"about":[{"href":"https:\/\/distillerieduquai.com\/en\/wp-json\/wp\/v2\/types\/product"}],"wp:featuredmedia":[{"embeddable":true,"href":"https:\/\/distillerieduquai.com\/en\/wp-json\/wp\/v2\/media\/11128"}],"wp:attachment":[{"href":"https:\/\/distillerieduquai.com\/en\/wp-json\/wp\/v2\/media?parent=10032"}],"wp:term":[{"taxonomy":"product_brand","embeddable":true,"href":"https:\/\/distillerieduquai.com\/en\/wp-json\/wp\/v2\/product_brand?post=10032"},{"taxonomy":"product_cat","embeddable":true,"href":"https:\/\/distillerieduquai.com\/en\/wp-json\/wp\/v2\/product_cat?post=10032"},{"taxonomy":"product_tag","embeddable":true,"href":"https:\/\/distillerieduquai.com\/en\/wp-json\/wp\/v2\/product_tag?post=10032"}],"curies":[{"name":"wp","href":"https:\/\/api.w.org\/{rel}","templated":true}]}}