{"id":10597,"date":"2024-12-22T15:24:52","date_gmt":"2024-12-22T20:24:52","guid":{"rendered":"https:\/\/distillerieduquai.com\/?post_type=product&#038;p=10597"},"modified":"2025-11-15T13:41:55","modified_gmt":"2025-11-15T18:41:55","slug":"krampusnacht-reduit-de-canneberge-epice","status":"publish","type":"product","link":"https:\/\/distillerieduquai.com\/en\/boutique\/aromates\/krampusnacht-reduit-de-canneberge-epice\/","title":{"rendered":"Krampusnacht &#8211; R\u00e9duit de canneberge \u00e9pic\u00e9"},"content":{"rendered":"<p style=\"text-align: left\">La l\u00e9gende du Krampus. Une l\u00e9gende allemande bien connue de certains, mais \u00e9trang\u00e8re pour d\u2019autres. Si vous avez le malheur de vous retrouver sur son passage dans la \u00ab nuit du Krampus \u00bb, c\u2019est sa branche de bouleau que vous rencontrerez. Autant que ses coups br\u00fblent votre chair, cette gel\u00e9e saura attaquer vos papilles de la m\u00eame mani\u00e8re.<\/p>\n<p>Comment l&#8217;utiliser:<\/p>\n<ul>\n<li style=\"font-weight: 400\">Avec de la volaille ou du poisson (soit avant ou apr\u00e8s la cuisson)<\/li>\n<li style=\"font-weight: 400\">Comme vinaigrette (salade, salade de p\u00e2tes, salade de pomme de terre, etc.)<\/li>\n<li style=\"font-weight: 400\">Badigeonn\u00e9 dans un grilled cheese (avec un pain cro\u00fbt\u00e9 et un bon fromage de qualit\u00e9)<\/li>\n<li style=\"font-weight: 400\">Faire un coulis sur du porc<\/li>\n<li style=\"font-weight: 400\">Pour une soir\u00e9e vin, charcuteries et fromages (faire un coulis sur les diff\u00e9rents fromages ou sur un brie au four)<\/li>\n<li style=\"font-weight: 400\">Avec les tartares de saumon<\/li>\n<\/ul>\n<p style=\"text-align: left\">Ingr\u00e9dients\u00a0:\u00a0Jus de canneberge, Vinaigre, Sucre, Pomme, Chili bird&#8217;s eye, Habanero orange.<\/p>\n<p>4 oz<\/p>\n<p>Produit de : La Nymphe de la for\u00eat<\/p>\n<p>&nbsp;<\/p>\n","protected":false},"excerpt":{"rendered":"<p>La l\u00e9gende du Krampus. Une l\u00e9gende allemande bien connue de certains, mais \u00e9trang\u00e8re pour d\u2019autres. Si vous avez le malheur de vous retrouver sur son passage dans la \u00ab nuit du Krampus \u00bb, c\u2019est sa branche de bouleau que vous rencontrerez. Autant que ses coups br\u00fblent votre chair, cette gel\u00e9e saura attaquer vos papilles de [&hellip;]<\/p>\n","protected":false},"featured_media":11078,"template":"","meta":{"_acf_changed":false},"product_brand":[],"product_cat":[248],"product_tag":[],"class_list":{"0":"post-10597","1":"product","2":"type-product","3":"status-publish","4":"has-post-thumbnail","6":"product_cat-aromates","8":"first","9":"instock","10":"purchasable","11":"product-type-simple"},"acf":[],"jetpack_sharing_enabled":true,"_links":{"self":[{"href":"https:\/\/distillerieduquai.com\/en\/wp-json\/wp\/v2\/product\/10597","targetHints":{"allow":["GET"]}}],"collection":[{"href":"https:\/\/distillerieduquai.com\/en\/wp-json\/wp\/v2\/product"}],"about":[{"href":"https:\/\/distillerieduquai.com\/en\/wp-json\/wp\/v2\/types\/product"}],"wp:featuredmedia":[{"embeddable":true,"href":"https:\/\/distillerieduquai.com\/en\/wp-json\/wp\/v2\/media\/11078"}],"wp:attachment":[{"href":"https:\/\/distillerieduquai.com\/en\/wp-json\/wp\/v2\/media?parent=10597"}],"wp:term":[{"taxonomy":"product_brand","embeddable":true,"href":"https:\/\/distillerieduquai.com\/en\/wp-json\/wp\/v2\/product_brand?post=10597"},{"taxonomy":"product_cat","embeddable":true,"href":"https:\/\/distillerieduquai.com\/en\/wp-json\/wp\/v2\/product_cat?post=10597"},{"taxonomy":"product_tag","embeddable":true,"href":"https:\/\/distillerieduquai.com\/en\/wp-json\/wp\/v2\/product_tag?post=10597"}],"curies":[{"name":"wp","href":"https:\/\/api.w.org\/{rel}","templated":true}]}}