{"id":10604,"date":"2024-12-22T15:31:03","date_gmt":"2024-12-22T20:31:03","guid":{"rendered":"https:\/\/distillerieduquai.com\/?post_type=product&#038;p=10604"},"modified":"2025-11-15T13:40:54","modified_gmt":"2025-11-15T18:40:54","slug":"le-leprechaun-reduit-de-poire-et-whisky-epice","status":"publish","type":"product","link":"https:\/\/distillerieduquai.com\/en\/boutique\/aromates\/le-leprechaun-reduit-de-poire-et-whisky-epice\/","title":{"rendered":"Le Leprechaun &#8211; R\u00e9duit de poire et whisky \u00e9pic\u00e9"},"content":{"rendered":"<p style=\"text-align: left\">La recette derri\u00e8re ce d\u00e9licieux r\u00e9duit pur nous vient de notre pr\u00e9sident, Gab, le \u00ab faux Irlandais \u00bb. \u00c0 l\u2019image de ces petites cr\u00e9atures espi\u00e8gles, il a maniganc\u00e9 dans sa cuisine pour finalement trouver le tr\u00e9sor absolu. Toutefois, ce que vous trouverez au bout de l\u2019arc-en-ciel de ce Leprechaun n\u2019est pas un chaudron rempli de pi\u00e8ces, mais bien un pot de r\u00e9duit que vous n\u2019oublierez pas de sit\u00f4t.<\/p>\n<p>Comment l&#8217;utiliser:<\/p>\n<ul>\n<li style=\"font-weight: 400\">Badigeonn\u00e9 sur des brochettes de poulet<\/li>\n<li style=\"font-weight: 400\">Comme coulis sur de la pizza ou des nachos (pour remplacer l\u2019huile \u00e9pic\u00e9e)<\/li>\n<li style=\"font-weight: 400\">Comme\u00a0vinaigrette\u00a0(salade, salade de p\u00e2tes, salade de pomme de terre, etc.)<\/li>\n<li style=\"font-weight: 400\">Badigeonn\u00e9 dans un grilled cheese (avec un pain cro\u00fbt\u00e9 et un bon fromage de qualit\u00e9)<\/li>\n<li style=\"font-weight: 400\">Pour faire des oignons caram\u00e9lis\u00e9s<\/li>\n<li style=\"font-weight: 400\">Pour une soir\u00e9e vin, charcuteries et fromages (faire un coulis sur les diff\u00e9rents fromages ou sur un brie au four)<\/li>\n<\/ul>\n<p>&nbsp;<\/p>\n<p style=\"text-align: left\">Ingr\u00e9dients\u00a0:\u00a0Jus de poire, Sucre, Vinaigre, Whiskey, 7 pot brain strain, Trinidad scorpion moruga.<\/p>\n<p>4 oz<\/p>\n<p>Produit de: La Nymphe de la for\u00eat<\/p>\n","protected":false},"excerpt":{"rendered":"<p>La recette derri\u00e8re ce d\u00e9licieux r\u00e9duit pur nous vient de notre pr\u00e9sident, Gab, le \u00ab faux Irlandais \u00bb. \u00c0 l\u2019image de ces petites cr\u00e9atures espi\u00e8gles, il a maniganc\u00e9 dans sa cuisine pour finalement trouver le tr\u00e9sor absolu. Toutefois, ce que vous trouverez au bout de l\u2019arc-en-ciel de ce Leprechaun n\u2019est pas un chaudron rempli de [&hellip;]<\/p>\n","protected":false},"featured_media":11081,"template":"","meta":{"_acf_changed":false},"product_brand":[],"product_cat":[248],"product_tag":[],"class_list":{"0":"post-10604","1":"product","2":"type-product","3":"status-publish","4":"has-post-thumbnail","6":"product_cat-aromates","8":"first","9":"instock","10":"purchasable","11":"product-type-simple"},"acf":[],"jetpack_sharing_enabled":true,"_links":{"self":[{"href":"https:\/\/distillerieduquai.com\/en\/wp-json\/wp\/v2\/product\/10604","targetHints":{"allow":["GET"]}}],"collection":[{"href":"https:\/\/distillerieduquai.com\/en\/wp-json\/wp\/v2\/product"}],"about":[{"href":"https:\/\/distillerieduquai.com\/en\/wp-json\/wp\/v2\/types\/product"}],"wp:featuredmedia":[{"embeddable":true,"href":"https:\/\/distillerieduquai.com\/en\/wp-json\/wp\/v2\/media\/11081"}],"wp:attachment":[{"href":"https:\/\/distillerieduquai.com\/en\/wp-json\/wp\/v2\/media?parent=10604"}],"wp:term":[{"taxonomy":"product_brand","embeddable":true,"href":"https:\/\/distillerieduquai.com\/en\/wp-json\/wp\/v2\/product_brand?post=10604"},{"taxonomy":"product_cat","embeddable":true,"href":"https:\/\/distillerieduquai.com\/en\/wp-json\/wp\/v2\/product_cat?post=10604"},{"taxonomy":"product_tag","embeddable":true,"href":"https:\/\/distillerieduquai.com\/en\/wp-json\/wp\/v2\/product_tag?post=10604"}],"curies":[{"name":"wp","href":"https:\/\/api.w.org\/{rel}","templated":true}]}}