{"id":10671,"date":"2025-04-04T16:33:10","date_gmt":"2025-04-04T20:33:10","guid":{"rendered":"https:\/\/distillerieduquai.com\/?post_type=product&#038;p=10671"},"modified":"2025-12-27T12:09:38","modified_gmt":"2025-12-27T17:09:38","slug":"sirop-a-cocktail-ddq-triple-melon","status":"publish","type":"product","link":"https:\/\/distillerieduquai.com\/en\/boutique\/sirops\/sirop-a-cocktail-ddq-triple-melon\/","title":{"rendered":"Sirop DDQ &#8211; Triple Melon"},"content":{"rendered":"<p>Fabriqu\u00e9 fi\u00e8rement \u00e0 notre distillerie, passez \u00e0 l&#8217;\u00e9tape sup\u00e9rieur dans la conception de vos cocktails.<\/p>\n<p>Vous pouvez m\u00eame les utiliser dans vos desserts!<\/p>\n<p>355 ml \u2013 15% alc.\/vol.<\/p>\n<p>Sans agent de conservation<\/p>\n","protected":false},"excerpt":{"rendered":"<p>Fabriqu\u00e9 fi\u00e8rement \u00e0 notre distillerie, passez \u00e0 l&#8217;\u00e9tape sup\u00e9rieur dans la conception de vos cocktails. Vous pouvez m\u00eame les utiliser dans vos desserts! 355 ml \u2013 15% alc.\/vol. Sans agent de conservation<\/p>\n","protected":false},"featured_media":11109,"template":"","meta":{"_acf_changed":false},"product_brand":[],"product_cat":[244],"product_tag":[],"class_list":{"0":"post-10671","1":"product","2":"type-product","3":"status-publish","4":"has-post-thumbnail","6":"product_cat-sirops","8":"first","9":"instock","10":"taxable","11":"shipping-taxable","12":"purchasable","13":"product-type-simple"},"acf":[],"jetpack_sharing_enabled":true,"_links":{"self":[{"href":"https:\/\/distillerieduquai.com\/en\/wp-json\/wp\/v2\/product\/10671","targetHints":{"allow":["GET"]}}],"collection":[{"href":"https:\/\/distillerieduquai.com\/en\/wp-json\/wp\/v2\/product"}],"about":[{"href":"https:\/\/distillerieduquai.com\/en\/wp-json\/wp\/v2\/types\/product"}],"wp:featuredmedia":[{"embeddable":true,"href":"https:\/\/distillerieduquai.com\/en\/wp-json\/wp\/v2\/media\/11109"}],"wp:attachment":[{"href":"https:\/\/distillerieduquai.com\/en\/wp-json\/wp\/v2\/media?parent=10671"}],"wp:term":[{"taxonomy":"product_brand","embeddable":true,"href":"https:\/\/distillerieduquai.com\/en\/wp-json\/wp\/v2\/product_brand?post=10671"},{"taxonomy":"product_cat","embeddable":true,"href":"https:\/\/distillerieduquai.com\/en\/wp-json\/wp\/v2\/product_cat?post=10671"},{"taxonomy":"product_tag","embeddable":true,"href":"https:\/\/distillerieduquai.com\/en\/wp-json\/wp\/v2\/product_tag?post=10671"}],"curies":[{"name":"wp","href":"https:\/\/api.w.org\/{rel}","templated":true}]}}