{"id":10675,"date":"2025-04-10T16:35:31","date_gmt":"2025-04-10T20:35:31","guid":{"rendered":"https:\/\/distillerieduquai.com\/?post_type=product&#038;p=10675"},"modified":"2025-12-05T11:50:29","modified_gmt":"2025-12-05T16:50:29","slug":"veste-en-jeans-noire","status":"publish","type":"product","link":"https:\/\/distillerieduquai.com\/en\/boutique\/vetements\/veste-en-jeans-noire\/","title":{"rendered":"Veste de Jean noire"},"content":{"rendered":"<p>Lunettes fum\u00e9es, flask de whisky dans la poche int\u00e9rieur et veste de jeans DDQ. Que ce soit en festival ou \u00e0 l&#8217;\u00e9glise, vous serez le plus cool de la place.<\/p>\n<p>**Note: elles sont faites petites&#8230; Pensez prendre une taille plus grande qu&#8217;\u00e0 l&#8217;habitude**<\/p>\n","protected":false},"excerpt":{"rendered":"<p>Lunettes fum\u00e9es, flask de whisky dans la poche int\u00e9rieur et veste de jeans DDQ. Que ce soit en festival ou \u00e0 l&#8217;\u00e9glise, vous serez le plus cool de la place. **Note: elles sont faites petites&#8230; Pensez prendre une taille plus grande qu&#8217;\u00e0 l&#8217;habitude**<\/p>\n","protected":false},"featured_media":10680,"template":"","meta":{"_acf_changed":false},"product_brand":[],"product_cat":[201],"product_tag":[],"class_list":{"0":"post-10675","1":"product","2":"type-product","3":"status-publish","4":"has-post-thumbnail","6":"product_cat-vetements","8":"first","9":"instock","10":"taxable","11":"shipping-taxable","12":"purchasable","13":"product-type-variable"},"acf":[],"jetpack_sharing_enabled":true,"_links":{"self":[{"href":"https:\/\/distillerieduquai.com\/en\/wp-json\/wp\/v2\/product\/10675","targetHints":{"allow":["GET"]}}],"collection":[{"href":"https:\/\/distillerieduquai.com\/en\/wp-json\/wp\/v2\/product"}],"about":[{"href":"https:\/\/distillerieduquai.com\/en\/wp-json\/wp\/v2\/types\/product"}],"wp:featuredmedia":[{"embeddable":true,"href":"https:\/\/distillerieduquai.com\/en\/wp-json\/wp\/v2\/media\/10680"}],"wp:attachment":[{"href":"https:\/\/distillerieduquai.com\/en\/wp-json\/wp\/v2\/media?parent=10675"}],"wp:term":[{"taxonomy":"product_brand","embeddable":true,"href":"https:\/\/distillerieduquai.com\/en\/wp-json\/wp\/v2\/product_brand?post=10675"},{"taxonomy":"product_cat","embeddable":true,"href":"https:\/\/distillerieduquai.com\/en\/wp-json\/wp\/v2\/product_cat?post=10675"},{"taxonomy":"product_tag","embeddable":true,"href":"https:\/\/distillerieduquai.com\/en\/wp-json\/wp\/v2\/product_tag?post=10675"}],"curies":[{"name":"wp","href":"https:\/\/api.w.org\/{rel}","templated":true}]}}