{"id":10686,"date":"2025-04-10T16:39:55","date_gmt":"2025-04-10T20:39:55","guid":{"rendered":"https:\/\/distillerieduquai.com\/?post_type=product&#038;p=10686"},"modified":"2025-12-05T11:40:17","modified_gmt":"2025-12-05T16:40:17","slug":"veste-en-jeans-brune","status":"publish","type":"product","link":"https:\/\/distillerieduquai.com\/en\/boutique\/vetements\/veste-en-jeans-brune\/","title":{"rendered":"Veste de Jean brune"},"content":{"rendered":"<p>Lunettes fum\u00e9es, flask de whisky dans la poche int\u00e9rieur et veste de jeans DDQ. Que ce soit en festival ou \u00e0 l&#8217;\u00e9glise, vous serez le plus cool de la place.<\/p>\n<p>**Note: elles sont faites petites&#8230; Pensez prendre une taille plus grande qu&#8217;\u00e0 l&#8217;habitude**<\/p>\n","protected":false},"excerpt":{"rendered":"<p>Lunettes fum\u00e9es, flask de whisky dans la poche int\u00e9rieur et veste de jeans DDQ. Que ce soit en festival ou \u00e0 l&#8217;\u00e9glise, vous serez le plus cool de la place. **Note: elles sont faites petites&#8230; Pensez prendre une taille plus grande qu&#8217;\u00e0 l&#8217;habitude**<\/p>\n","protected":false},"featured_media":10689,"template":"","meta":{"_acf_changed":false},"product_brand":[],"product_cat":[201],"product_tag":[],"class_list":{"0":"post-10686","1":"product","2":"type-product","3":"status-publish","4":"has-post-thumbnail","6":"product_cat-vetements","8":"first","9":"instock","10":"taxable","11":"shipping-taxable","12":"purchasable","13":"product-type-variable"},"acf":[],"jetpack_sharing_enabled":true,"_links":{"self":[{"href":"https:\/\/distillerieduquai.com\/en\/wp-json\/wp\/v2\/product\/10686","targetHints":{"allow":["GET"]}}],"collection":[{"href":"https:\/\/distillerieduquai.com\/en\/wp-json\/wp\/v2\/product"}],"about":[{"href":"https:\/\/distillerieduquai.com\/en\/wp-json\/wp\/v2\/types\/product"}],"wp:featuredmedia":[{"embeddable":true,"href":"https:\/\/distillerieduquai.com\/en\/wp-json\/wp\/v2\/media\/10689"}],"wp:attachment":[{"href":"https:\/\/distillerieduquai.com\/en\/wp-json\/wp\/v2\/media?parent=10686"}],"wp:term":[{"taxonomy":"product_brand","embeddable":true,"href":"https:\/\/distillerieduquai.com\/en\/wp-json\/wp\/v2\/product_brand?post=10686"},{"taxonomy":"product_cat","embeddable":true,"href":"https:\/\/distillerieduquai.com\/en\/wp-json\/wp\/v2\/product_cat?post=10686"},{"taxonomy":"product_tag","embeddable":true,"href":"https:\/\/distillerieduquai.com\/en\/wp-json\/wp\/v2\/product_tag?post=10686"}],"curies":[{"name":"wp","href":"https:\/\/api.w.org\/{rel}","templated":true}]}}