{"id":10722,"date":"2025-04-18T12:49:07","date_gmt":"2025-04-18T16:49:07","guid":{"rendered":"https:\/\/distillerieduquai.com\/?post_type=product&#038;p=10722"},"modified":"2025-04-18T12:50:09","modified_gmt":"2025-04-18T16:50:09","slug":"bitter-black-walnut-blue-coast-bitter","status":"publish","type":"product","link":"https:\/\/distillerieduquai.com\/en\/boutique\/aromates\/bitter-black-walnut-blue-coast-bitter\/","title":{"rendered":"Bitter Black Walnut &#8211; Blue Coast Bitter"},"content":{"rendered":"<p>Apportez saveur et profondeur \u00e0 vos cocktails avec la chaleur riche et noiset\u00e9e des noix de noyer noires, compl\u00e9t\u00e9e par la douceur subtile de la cannelle et des \u00e9pices chaudes.<\/p>\n<p>&nbsp;<\/p>\n<p><strong>Prix \u200b\u200b: <\/strong>Best Cocktails Spirits Competition 2024 &#8211; ARGENT<\/p>\n<p>&nbsp;<\/p>\n<p><strong>Accords mets et vins\u00a0:\u00a0<\/strong>\u00a0Ces bitters subliment les boissons \u00e0 base de whisky et se marient parfaitement avec le rhum ou le brandy. Ils peuvent \u00e9galement \u00eatre utilis\u00e9s dans des boissons cr\u00e9meuses, comme un White Russian ou un Egg Nog, ainsi que dans des cocktails sans alcool ou des sodas. Utilisez-les en cuisine ou en p\u00e2tisserie pour ajouter une subtile note de noisette \u00e0 vos desserts, sauces ou vinaigrettes.<\/p>\n<p>&nbsp;<\/p>\n<p><em><strong>Ingr\u00e9dients :\u00a0<\/strong>\u00a0Noix,\u00a0\u00a0alcool, eau, ar\u00f4mes naturels, \u00e9pices et agents amers.<\/em><\/p>\n<p>&nbsp;<\/p>\n<p><em>Conditionn\u00e9 dans un flacon en verre bleu cobalt de 60 ml avec compte-gouttes en verre.<\/em><\/p>\n","protected":false},"excerpt":{"rendered":"<p>Apportez saveur et profondeur \u00e0 vos cocktails avec la chaleur riche et noiset\u00e9e des noix de noyer noires, compl\u00e9t\u00e9e par la douceur subtile de la cannelle et des \u00e9pices chaudes. &nbsp; Prix \u200b\u200b: Best Cocktails Spirits Competition 2024 &#8211; ARGENT &nbsp; Accords mets et vins\u00a0:\u00a0\u00a0Ces bitters subliment les boissons \u00e0 base de whisky et se [&hellip;]<\/p>\n","protected":false},"featured_media":10723,"template":"","meta":{"_acf_changed":false},"product_brand":[],"product_cat":[248],"product_tag":[],"class_list":{"0":"post-10722","1":"product","2":"type-product","3":"status-publish","4":"has-post-thumbnail","6":"product_cat-aromates","8":"first","9":"instock","10":"taxable","11":"shipping-taxable","12":"purchasable","13":"product-type-simple"},"acf":[],"jetpack_sharing_enabled":true,"_links":{"self":[{"href":"https:\/\/distillerieduquai.com\/en\/wp-json\/wp\/v2\/product\/10722","targetHints":{"allow":["GET"]}}],"collection":[{"href":"https:\/\/distillerieduquai.com\/en\/wp-json\/wp\/v2\/product"}],"about":[{"href":"https:\/\/distillerieduquai.com\/en\/wp-json\/wp\/v2\/types\/product"}],"wp:featuredmedia":[{"embeddable":true,"href":"https:\/\/distillerieduquai.com\/en\/wp-json\/wp\/v2\/media\/10723"}],"wp:attachment":[{"href":"https:\/\/distillerieduquai.com\/en\/wp-json\/wp\/v2\/media?parent=10722"}],"wp:term":[{"taxonomy":"product_brand","embeddable":true,"href":"https:\/\/distillerieduquai.com\/en\/wp-json\/wp\/v2\/product_brand?post=10722"},{"taxonomy":"product_cat","embeddable":true,"href":"https:\/\/distillerieduquai.com\/en\/wp-json\/wp\/v2\/product_cat?post=10722"},{"taxonomy":"product_tag","embeddable":true,"href":"https:\/\/distillerieduquai.com\/en\/wp-json\/wp\/v2\/product_tag?post=10722"}],"curies":[{"name":"wp","href":"https:\/\/api.w.org\/{rel}","templated":true}]}}