{"id":10729,"date":"2025-04-18T12:59:02","date_gmt":"2025-04-18T16:59:02","guid":{"rendered":"https:\/\/distillerieduquai.com\/?post_type=product&#038;p=10729"},"modified":"2025-08-15T10:51:58","modified_gmt":"2025-08-15T14:51:58","slug":"bitter-northern-attitude-maple-blue-coast-bitter","status":"publish","type":"product","link":"https:\/\/distillerieduquai.com\/en\/boutique\/aromates\/bitter-northern-attitude-maple-blue-coast-bitter\/","title":{"rendered":"Bitter Northern Attitude Maple &#8211; Blue Coast Bitter"},"content":{"rendered":"<p>Le bon go\u00fbt du sirop d&#8217;\u00e9rable canadien transpara\u00eet dans ces amers, suivi de vanille, d&#8217;\u00e9pices et de notes de cannelle avec une amertume qui transpara\u00eet en finale.<\/p>\n<p>&nbsp;<\/p>\n<p><strong>Prix : <\/strong>Canadian Artisan Spirit Competition 2025 \u2013 OR,\u00a0 Best Cocktails Spirits Competition 2024 &#8211; OR<\/p>\n<p>&nbsp;<\/p>\n<p><strong>Accords mets et vins\u00a0:<\/strong>\u00a0Les bitters \u00e0 l&#8217;\u00e9rable sont parfaits dans les cocktails cr\u00e9meux ou \u00e0 base de bourbon, de whisky et de rhum. Ils apportent une subtile saveur d&#8217;\u00e9rable \u00e0 des classiques comme le whisky sour, le mint juleps ou l&#8217;old fashioned. Ils peuvent \u00e9galement \u00eatre utilis\u00e9s pour agr\u00e9menter votre caf\u00e9 du matin ou dans vos recettes de p\u00e2tisserie, en remplacement de l&#8217;extrait de vanille.<\/p>\n<p>&nbsp;<\/p>\n<p><em><strong>Ingr\u00e9dients :<\/strong>\u00a0Sirop d&#8217;\u00e9rable, alcool, eau, noix, \u00e9pices et agents amers.<\/em><\/p>\n<p>&nbsp;<\/p>\n<p><em>Conditionn\u00e9 dans un flacon en verre bleu cobalt de 60 ml avec compte-gouttes en verre.<\/em><\/p>\n","protected":false},"excerpt":{"rendered":"<p>Le bon go\u00fbt du sirop d&#8217;\u00e9rable canadien transpara\u00eet dans ces amers, suivi de vanille, d&#8217;\u00e9pices et de notes de cannelle avec une amertume qui transpara\u00eet en finale. &nbsp; Prix : Canadian Artisan Spirit Competition 2025 \u2013 OR,\u00a0 Best Cocktails Spirits Competition 2024 &#8211; OR &nbsp; Accords mets et vins\u00a0:\u00a0Les bitters \u00e0 l&#8217;\u00e9rable sont parfaits dans [&hellip;]<\/p>\n","protected":false},"featured_media":10730,"template":"","meta":{"_acf_changed":false},"product_brand":[],"product_cat":[248],"product_tag":[],"class_list":{"0":"post-10729","1":"product","2":"type-product","3":"status-publish","4":"has-post-thumbnail","6":"product_cat-aromates","8":"first","9":"instock","10":"taxable","11":"shipping-taxable","12":"purchasable","13":"product-type-simple"},"acf":[],"jetpack_sharing_enabled":true,"_links":{"self":[{"href":"https:\/\/distillerieduquai.com\/en\/wp-json\/wp\/v2\/product\/10729","targetHints":{"allow":["GET"]}}],"collection":[{"href":"https:\/\/distillerieduquai.com\/en\/wp-json\/wp\/v2\/product"}],"about":[{"href":"https:\/\/distillerieduquai.com\/en\/wp-json\/wp\/v2\/types\/product"}],"wp:featuredmedia":[{"embeddable":true,"href":"https:\/\/distillerieduquai.com\/en\/wp-json\/wp\/v2\/media\/10730"}],"wp:attachment":[{"href":"https:\/\/distillerieduquai.com\/en\/wp-json\/wp\/v2\/media?parent=10729"}],"wp:term":[{"taxonomy":"product_brand","embeddable":true,"href":"https:\/\/distillerieduquai.com\/en\/wp-json\/wp\/v2\/product_brand?post=10729"},{"taxonomy":"product_cat","embeddable":true,"href":"https:\/\/distillerieduquai.com\/en\/wp-json\/wp\/v2\/product_cat?post=10729"},{"taxonomy":"product_tag","embeddable":true,"href":"https:\/\/distillerieduquai.com\/en\/wp-json\/wp\/v2\/product_tag?post=10729"}],"curies":[{"name":"wp","href":"https:\/\/api.w.org\/{rel}","templated":true}]}}