{"id":10757,"date":"2025-04-18T14:00:25","date_gmt":"2025-04-18T18:00:25","guid":{"rendered":"https:\/\/distillerieduquai.com\/?post_type=product&#038;p=10757"},"modified":"2026-04-19T23:07:48","modified_gmt":"2026-04-20T03:07:48","slug":"citron-lime-bulls-head","status":"publish","type":"product","link":"https:\/\/distillerieduquai.com\/en\/boutique\/sodas\/citron-lime-bulls-head\/","title":{"rendered":"Citron-Lime &#8211; Bull&#8217;s Head"},"content":{"rendered":"<p>D\u00e9couvrez la fra\u00eecheur \u00e9clatante du soda Citron-Lime rafra\u00eechissant qui marie \u00e0 la perfection les saveurs vives du citron et de la lime.<\/p>\n<p>Les bulles d\u00e9licates r\u00e9veillent les papilles, tandis que la combinaison \u00e9quilibr\u00e9e de l&#8217;acidit\u00e9 du citron et de la douceur subtile de la lime cr\u00e9e une harmonie de saveurs qui d\u00e9salt\u00e8re instantan\u00e9ment.<\/p>\n","protected":false},"excerpt":{"rendered":"<p>D\u00e9couvrez la fra\u00eecheur \u00e9clatante du soda Citron-Lime rafra\u00eechissant qui marie \u00e0 la perfection les saveurs vives du citron et de la lime. Les bulles d\u00e9licates r\u00e9veillent les papilles, tandis que la combinaison \u00e9quilibr\u00e9e de l&#8217;acidit\u00e9 du citron et de la douceur subtile de la lime cr\u00e9e une harmonie de saveurs qui d\u00e9salt\u00e8re instantan\u00e9ment.<\/p>\n","protected":false},"featured_media":10758,"template":"","meta":{"_acf_changed":false},"product_brand":[],"product_cat":[158],"product_tag":[],"class_list":{"0":"post-10757","1":"product","2":"type-product","3":"status-publish","4":"has-post-thumbnail","6":"product_cat-sodas","8":"first","9":"instock","10":"taxable","11":"shipping-taxable","12":"purchasable","13":"product-type-simple"},"acf":[],"jetpack_sharing_enabled":true,"_links":{"self":[{"href":"https:\/\/distillerieduquai.com\/en\/wp-json\/wp\/v2\/product\/10757","targetHints":{"allow":["GET"]}}],"collection":[{"href":"https:\/\/distillerieduquai.com\/en\/wp-json\/wp\/v2\/product"}],"about":[{"href":"https:\/\/distillerieduquai.com\/en\/wp-json\/wp\/v2\/types\/product"}],"wp:featuredmedia":[{"embeddable":true,"href":"https:\/\/distillerieduquai.com\/en\/wp-json\/wp\/v2\/media\/10758"}],"wp:attachment":[{"href":"https:\/\/distillerieduquai.com\/en\/wp-json\/wp\/v2\/media?parent=10757"}],"wp:term":[{"taxonomy":"product_brand","embeddable":true,"href":"https:\/\/distillerieduquai.com\/en\/wp-json\/wp\/v2\/product_brand?post=10757"},{"taxonomy":"product_cat","embeddable":true,"href":"https:\/\/distillerieduquai.com\/en\/wp-json\/wp\/v2\/product_cat?post=10757"},{"taxonomy":"product_tag","embeddable":true,"href":"https:\/\/distillerieduquai.com\/en\/wp-json\/wp\/v2\/product_tag?post=10757"}],"curies":[{"name":"wp","href":"https:\/\/api.w.org\/{rel}","templated":true}]}}