{"id":10793,"date":"2025-05-02T12:33:50","date_gmt":"2025-05-02T16:33:50","guid":{"rendered":"https:\/\/distillerieduquai.com\/?post_type=product&#038;p=10793"},"modified":"2025-11-15T13:45:30","modified_gmt":"2025-11-15T18:45:30","slug":"samhot-buffalo","status":"publish","type":"product","link":"https:\/\/distillerieduquai.com\/en\/boutique\/aromates\/samhot-buffalo\/","title":{"rendered":"SAMHOT &#8211; Buffalo"},"content":{"rendered":"<p>Nappez vos ailes de poulet et de chou-fleur de notre d\u00e9licieuse sauce cr\u00e9meuse au poivre de Cayenne.<\/p>\n<p>Douce, onctueuse et l\u00e9g\u00e8rement \u00e9pic\u00e9e, ses notes de mangue et de beurre en font le compl\u00e9ment id\u00e9al de vos frites, burgers, pizzas et empanadas !<\/p>\n","protected":false},"excerpt":{"rendered":"<p>Nappez vos ailes de poulet et de chou-fleur de notre d\u00e9licieuse sauce cr\u00e9meuse au poivre de Cayenne. Douce, onctueuse et l\u00e9g\u00e8rement \u00e9pic\u00e9e, ses notes de mangue et de beurre en font le compl\u00e9ment id\u00e9al de vos frites, burgers, pizzas et empanadas !<\/p>\n","protected":false},"featured_media":11064,"template":"","meta":{"_acf_changed":false},"product_brand":[],"product_cat":[248],"product_tag":[],"class_list":{"0":"post-10793","1":"product","2":"type-product","3":"status-publish","4":"has-post-thumbnail","6":"product_cat-aromates","8":"first","9":"instock","10":"purchasable","11":"product-type-simple"},"acf":[],"jetpack_sharing_enabled":true,"_links":{"self":[{"href":"https:\/\/distillerieduquai.com\/en\/wp-json\/wp\/v2\/product\/10793","targetHints":{"allow":["GET"]}}],"collection":[{"href":"https:\/\/distillerieduquai.com\/en\/wp-json\/wp\/v2\/product"}],"about":[{"href":"https:\/\/distillerieduquai.com\/en\/wp-json\/wp\/v2\/types\/product"}],"wp:featuredmedia":[{"embeddable":true,"href":"https:\/\/distillerieduquai.com\/en\/wp-json\/wp\/v2\/media\/11064"}],"wp:attachment":[{"href":"https:\/\/distillerieduquai.com\/en\/wp-json\/wp\/v2\/media?parent=10793"}],"wp:term":[{"taxonomy":"product_brand","embeddable":true,"href":"https:\/\/distillerieduquai.com\/en\/wp-json\/wp\/v2\/product_brand?post=10793"},{"taxonomy":"product_cat","embeddable":true,"href":"https:\/\/distillerieduquai.com\/en\/wp-json\/wp\/v2\/product_cat?post=10793"},{"taxonomy":"product_tag","embeddable":true,"href":"https:\/\/distillerieduquai.com\/en\/wp-json\/wp\/v2\/product_tag?post=10793"}],"curies":[{"name":"wp","href":"https:\/\/api.w.org\/{rel}","templated":true}]}}