{"id":10807,"date":"2025-05-02T12:44:01","date_gmt":"2025-05-02T16:44:01","guid":{"rendered":"https:\/\/distillerieduquai.com\/?post_type=product&#038;p=10807"},"modified":"2025-11-15T13:44:47","modified_gmt":"2025-11-15T18:44:47","slug":"samhot-dill","status":"publish","type":"product","link":"https:\/\/distillerieduquai.com\/en\/boutique\/aromates\/samhot-dill\/","title":{"rendered":"SAMHOT &#8211; Dill"},"content":{"rendered":"<p>Le m\u00e9lange parfait de piment jalape\u00f1o et de cornichon \u00e0 l&#8217;aneth pour un Bloody Caesar \u00e9clatant !<\/p>\n<p>Vos hamburgers, vos grillades et votre guacamole seront sublim\u00e9s !<\/p>\n","protected":false},"excerpt":{"rendered":"<p>Le m\u00e9lange parfait de piment jalape\u00f1o et de cornichon \u00e0 l&#8217;aneth pour un Bloody Caesar \u00e9clatant ! Vos hamburgers, vos grillades et votre guacamole seront sublim\u00e9s !<\/p>\n","protected":false},"featured_media":11074,"template":"","meta":{"_acf_changed":false},"product_brand":[],"product_cat":[248],"product_tag":[],"class_list":{"0":"post-10807","1":"product","2":"type-product","3":"status-publish","4":"has-post-thumbnail","6":"product_cat-aromates","8":"first","9":"instock","10":"purchasable","11":"product-type-simple"},"acf":[],"jetpack_sharing_enabled":true,"_links":{"self":[{"href":"https:\/\/distillerieduquai.com\/en\/wp-json\/wp\/v2\/product\/10807","targetHints":{"allow":["GET"]}}],"collection":[{"href":"https:\/\/distillerieduquai.com\/en\/wp-json\/wp\/v2\/product"}],"about":[{"href":"https:\/\/distillerieduquai.com\/en\/wp-json\/wp\/v2\/types\/product"}],"wp:featuredmedia":[{"embeddable":true,"href":"https:\/\/distillerieduquai.com\/en\/wp-json\/wp\/v2\/media\/11074"}],"wp:attachment":[{"href":"https:\/\/distillerieduquai.com\/en\/wp-json\/wp\/v2\/media?parent=10807"}],"wp:term":[{"taxonomy":"product_brand","embeddable":true,"href":"https:\/\/distillerieduquai.com\/en\/wp-json\/wp\/v2\/product_brand?post=10807"},{"taxonomy":"product_cat","embeddable":true,"href":"https:\/\/distillerieduquai.com\/en\/wp-json\/wp\/v2\/product_cat?post=10807"},{"taxonomy":"product_tag","embeddable":true,"href":"https:\/\/distillerieduquai.com\/en\/wp-json\/wp\/v2\/product_tag?post=10807"}],"curies":[{"name":"wp","href":"https:\/\/api.w.org\/{rel}","templated":true}]}}