{"id":10817,"date":"2025-05-02T13:00:29","date_gmt":"2025-05-02T17:00:29","guid":{"rendered":"https:\/\/distillerieduquai.com\/?post_type=product&#038;p=10817"},"modified":"2025-11-15T13:43:57","modified_gmt":"2025-11-15T18:43:57","slug":"samhot-primo","status":"publish","type":"product","link":"https:\/\/distillerieduquai.com\/en\/boutique\/aromates\/samhot-primo\/","title":{"rendered":"SAMHOT &#8211; Primo"},"content":{"rendered":"<p>Cette sauce piquante unique est \u00e9labor\u00e9e avec le piment 7Pot Primo, un des plus br\u00fblantes au monde.<\/p>\n<p>Combin\u00e9 aux piments Cayenne et Habanero, sa saveur tropicale est rendue plus docile gr\u00e2ce aux fruits des champs qui donnent envie d&#8217;en prendre encore et encore!<\/p>\n","protected":false},"excerpt":{"rendered":"<p>Cette sauce piquante unique est \u00e9labor\u00e9e avec le piment 7Pot Primo, un des plus br\u00fblantes au monde. Combin\u00e9 aux piments Cayenne et Habanero, sa saveur tropicale est rendue plus docile gr\u00e2ce aux fruits des champs qui donnent envie d&#8217;en prendre encore et encore!<\/p>\n","protected":false},"featured_media":11099,"template":"","meta":{"_acf_changed":false},"product_brand":[],"product_cat":[248],"product_tag":[],"class_list":{"0":"post-10817","1":"product","2":"type-product","3":"status-publish","4":"has-post-thumbnail","6":"product_cat-aromates","8":"first","9":"instock","10":"purchasable","11":"product-type-simple"},"acf":[],"jetpack_sharing_enabled":true,"_links":{"self":[{"href":"https:\/\/distillerieduquai.com\/en\/wp-json\/wp\/v2\/product\/10817","targetHints":{"allow":["GET"]}}],"collection":[{"href":"https:\/\/distillerieduquai.com\/en\/wp-json\/wp\/v2\/product"}],"about":[{"href":"https:\/\/distillerieduquai.com\/en\/wp-json\/wp\/v2\/types\/product"}],"wp:featuredmedia":[{"embeddable":true,"href":"https:\/\/distillerieduquai.com\/en\/wp-json\/wp\/v2\/media\/11099"}],"wp:attachment":[{"href":"https:\/\/distillerieduquai.com\/en\/wp-json\/wp\/v2\/media?parent=10817"}],"wp:term":[{"taxonomy":"product_brand","embeddable":true,"href":"https:\/\/distillerieduquai.com\/en\/wp-json\/wp\/v2\/product_brand?post=10817"},{"taxonomy":"product_cat","embeddable":true,"href":"https:\/\/distillerieduquai.com\/en\/wp-json\/wp\/v2\/product_cat?post=10817"},{"taxonomy":"product_tag","embeddable":true,"href":"https:\/\/distillerieduquai.com\/en\/wp-json\/wp\/v2\/product_tag?post=10817"}],"curies":[{"name":"wp","href":"https:\/\/api.w.org\/{rel}","templated":true}]}}