{"id":10824,"date":"2025-05-02T13:07:29","date_gmt":"2025-05-02T17:07:29","guid":{"rendered":"https:\/\/distillerieduquai.com\/?post_type=product&#038;p=10824"},"modified":"2025-11-15T13:42:59","modified_gmt":"2025-11-15T18:42:59","slug":"samhot-salsa-verde","status":"publish","type":"product","link":"https:\/\/distillerieduquai.com\/en\/boutique\/aromates\/samhot-salsa-verde\/","title":{"rendered":"SAMHOT &#8211; Salsa verde"},"content":{"rendered":"<p>Elle est faite d&#8217;ingr\u00e9dients mexicains classiques, avec de vrais tomatillos et \u00e0 partir de piments forts non m\u00fbris qui lui donne son go\u00fbt de piment vert prononc\u00e9 et unique.<\/p>\n<p>Un killer sur les nachos, burritos, tacos et enchiladas! Sans retenue sur vos grillades, p\u00e2tes et poissons!<\/p>\n","protected":false},"excerpt":{"rendered":"<p>Elle est faite d&#8217;ingr\u00e9dients mexicains classiques, avec de vrais tomatillos et \u00e0 partir de piments forts non m\u00fbris qui lui donne son go\u00fbt de piment vert prononc\u00e9 et unique. Un killer sur les nachos, burritos, tacos et enchiladas! Sans retenue sur vos grillades, p\u00e2tes et poissons!<\/p>\n","protected":false},"featured_media":11115,"template":"","meta":{"_acf_changed":false},"product_brand":[],"product_cat":[248],"product_tag":[],"class_list":{"0":"post-10824","1":"product","2":"type-product","3":"status-publish","4":"has-post-thumbnail","6":"product_cat-aromates","8":"first","9":"instock","10":"purchasable","11":"product-type-simple"},"acf":[],"jetpack_sharing_enabled":true,"_links":{"self":[{"href":"https:\/\/distillerieduquai.com\/en\/wp-json\/wp\/v2\/product\/10824","targetHints":{"allow":["GET"]}}],"collection":[{"href":"https:\/\/distillerieduquai.com\/en\/wp-json\/wp\/v2\/product"}],"about":[{"href":"https:\/\/distillerieduquai.com\/en\/wp-json\/wp\/v2\/types\/product"}],"wp:featuredmedia":[{"embeddable":true,"href":"https:\/\/distillerieduquai.com\/en\/wp-json\/wp\/v2\/media\/11115"}],"wp:attachment":[{"href":"https:\/\/distillerieduquai.com\/en\/wp-json\/wp\/v2\/media?parent=10824"}],"wp:term":[{"taxonomy":"product_brand","embeddable":true,"href":"https:\/\/distillerieduquai.com\/en\/wp-json\/wp\/v2\/product_brand?post=10824"},{"taxonomy":"product_cat","embeddable":true,"href":"https:\/\/distillerieduquai.com\/en\/wp-json\/wp\/v2\/product_cat?post=10824"},{"taxonomy":"product_tag","embeddable":true,"href":"https:\/\/distillerieduquai.com\/en\/wp-json\/wp\/v2\/product_tag?post=10824"}],"curies":[{"name":"wp","href":"https:\/\/api.w.org\/{rel}","templated":true}]}}