{"id":10847,"date":"2025-06-07T12:47:36","date_gmt":"2025-06-07T16:47:36","guid":{"rendered":"https:\/\/distillerieduquai.com\/?post_type=product&#038;p=10847"},"modified":"2025-06-07T12:59:01","modified_gmt":"2025-06-07T16:59:01","slug":"fleurs-de-pois-bleu-sechees","status":"publish","type":"product","link":"https:\/\/distillerieduquai.com\/en\/boutique\/aromates\/fleurs-de-pois-bleu-sechees\/","title":{"rendered":"Fleurs de pois bleu s\u00e9ch\u00e9es"},"content":{"rendered":"<p>La fleur de pois bleu (ou pois papillon, de l\u2019anglais\u00a0<em>butterfly pea<\/em>) est une jolie plante qui donnera une fabuleuse teinte bleue ou violac\u00e9e \u00e0 vos boissons.<\/p>\n<p>Selon le pH du liquide, la couleur de l&#8217;infusion de pois papillon ira du bleu \u00e9clatant (liquide neutre) au violet royal (liquide acide).<\/p>\n<p>Son go\u00fbt restera neutre, avec une subtile touche herbac\u00e9e.<\/p>\n<p>0,30$ \/ g<\/p>\n","protected":false},"excerpt":{"rendered":"<p>La fleur de pois bleu (ou pois papillon, de l\u2019anglais\u00a0butterfly pea) est une jolie plante qui donnera une fabuleuse teinte bleue ou violac\u00e9e \u00e0 vos boissons. Selon le pH du liquide, la couleur de l&#8217;infusion de pois papillon ira du bleu \u00e9clatant (liquide neutre) au violet royal (liquide acide). Son go\u00fbt restera neutre, avec une [&hellip;]<\/p>\n","protected":false},"featured_media":10850,"template":"","meta":{"_acf_changed":false},"product_brand":[],"product_cat":[248],"product_tag":[],"class_list":{"0":"post-10847","1":"product","2":"type-product","3":"status-publish","4":"has-post-thumbnail","6":"product_cat-aromates","8":"first","9":"instock","10":"taxable","11":"shipping-taxable","12":"purchasable","13":"product-type-simple"},"acf":[],"jetpack_sharing_enabled":true,"_links":{"self":[{"href":"https:\/\/distillerieduquai.com\/en\/wp-json\/wp\/v2\/product\/10847","targetHints":{"allow":["GET"]}}],"collection":[{"href":"https:\/\/distillerieduquai.com\/en\/wp-json\/wp\/v2\/product"}],"about":[{"href":"https:\/\/distillerieduquai.com\/en\/wp-json\/wp\/v2\/types\/product"}],"wp:featuredmedia":[{"embeddable":true,"href":"https:\/\/distillerieduquai.com\/en\/wp-json\/wp\/v2\/media\/10850"}],"wp:attachment":[{"href":"https:\/\/distillerieduquai.com\/en\/wp-json\/wp\/v2\/media?parent=10847"}],"wp:term":[{"taxonomy":"product_brand","embeddable":true,"href":"https:\/\/distillerieduquai.com\/en\/wp-json\/wp\/v2\/product_brand?post=10847"},{"taxonomy":"product_cat","embeddable":true,"href":"https:\/\/distillerieduquai.com\/en\/wp-json\/wp\/v2\/product_cat?post=10847"},{"taxonomy":"product_tag","embeddable":true,"href":"https:\/\/distillerieduquai.com\/en\/wp-json\/wp\/v2\/product_tag?post=10847"}],"curies":[{"name":"wp","href":"https:\/\/api.w.org\/{rel}","templated":true}]}}