{"id":10918,"date":"2025-08-14T12:16:21","date_gmt":"2025-08-14T16:16:21","guid":{"rendered":"https:\/\/distillerieduquai.com\/?post_type=product&#038;p=10918"},"modified":"2025-08-22T15:26:48","modified_gmt":"2025-08-22T19:26:48","slug":"skod-la-100-pitie","status":"publish","type":"product","link":"https:\/\/distillerieduquai.com\/en\/boutique\/aromates\/skod-la-100-pitie\/","title":{"rendered":"SKOD &#8211; La 100 Piti\u00e9"},"content":{"rendered":"<p>D\u00e9couvrez la D\u00cb\u00cbT 100 &#8211; La 100piti\u00e9. Sans extrait, la sauce piquante par excellence pour les papilles en qu\u00eate de sensations fortes.<\/p>\n<p>Avec son puissant m\u00e9lange de 40 sortes de piments extr\u00eames (\u00c9dition Limit\u00e9e 2025), cette sauce br\u00fble de toutes les fa\u00e7ons possibles. Elle est extr\u00eamement piquante, alors nous vous sugg\u00e9rons de l&#8217;utiliser avec mod\u00e9ration dans vos plats.<\/p>\n<p>Que vous cherchiez \u00e0 enflammer vos soir\u00e9es ou \u00e0 faire passer votre capacit\u00e9 \u00e0 encaisser la chaleur \u00e0 un niveau sup\u00e9rieur, la D\u00cb\u00cbT 100 est la sauce id\u00e9ale. Cette sauce est con\u00e7ue pour les amateurs de piquant exp\u00e9riment\u00e9s qui n&#8217;ont pas peur de mettre litt\u00e9ralement le feu dans leur bouche.<\/p>\n<p>Pr\u00e9parez-vous \u00e0 vivre la chaleur intense avec la D\u00cb\u00cbT 100 &#8211; La 100piti\u00e9. Bouteille de 148 ml.<\/p>\n","protected":false},"excerpt":{"rendered":"<p>D\u00e9couvrez la D\u00cb\u00cbT 100 &#8211; La 100piti\u00e9. Sans extrait, la sauce piquante par excellence pour les papilles en qu\u00eate de sensations fortes. Avec son puissant m\u00e9lange de 40 sortes de piments extr\u00eames (\u00c9dition Limit\u00e9e 2025), cette sauce br\u00fble de toutes les fa\u00e7ons possibles. Elle est extr\u00eamement piquante, alors nous vous sugg\u00e9rons de l&#8217;utiliser avec mod\u00e9ration [&hellip;]<\/p>\n","protected":false},"featured_media":10919,"template":"","meta":{"_acf_changed":false},"product_brand":[],"product_cat":[248],"product_tag":[],"class_list":{"0":"post-10918","1":"product","2":"type-product","3":"status-publish","4":"has-post-thumbnail","6":"product_cat-aromates","8":"first","9":"instock","10":"purchasable","11":"product-type-simple"},"acf":[],"jetpack_sharing_enabled":true,"_links":{"self":[{"href":"https:\/\/distillerieduquai.com\/en\/wp-json\/wp\/v2\/product\/10918","targetHints":{"allow":["GET"]}}],"collection":[{"href":"https:\/\/distillerieduquai.com\/en\/wp-json\/wp\/v2\/product"}],"about":[{"href":"https:\/\/distillerieduquai.com\/en\/wp-json\/wp\/v2\/types\/product"}],"wp:featuredmedia":[{"embeddable":true,"href":"https:\/\/distillerieduquai.com\/en\/wp-json\/wp\/v2\/media\/10919"}],"wp:attachment":[{"href":"https:\/\/distillerieduquai.com\/en\/wp-json\/wp\/v2\/media?parent=10918"}],"wp:term":[{"taxonomy":"product_brand","embeddable":true,"href":"https:\/\/distillerieduquai.com\/en\/wp-json\/wp\/v2\/product_brand?post=10918"},{"taxonomy":"product_cat","embeddable":true,"href":"https:\/\/distillerieduquai.com\/en\/wp-json\/wp\/v2\/product_cat?post=10918"},{"taxonomy":"product_tag","embeddable":true,"href":"https:\/\/distillerieduquai.com\/en\/wp-json\/wp\/v2\/product_tag?post=10918"}],"curies":[{"name":"wp","href":"https:\/\/api.w.org\/{rel}","templated":true}]}}