{"id":10923,"date":"2025-08-14T12:24:02","date_gmt":"2025-08-14T16:24:02","guid":{"rendered":"https:\/\/distillerieduquai.com\/?post_type=product&#038;p=10923"},"modified":"2025-08-22T15:26:48","modified_gmt":"2025-08-22T19:26:48","slug":"skod-la-distinguee","status":"publish","type":"product","link":"https:\/\/distillerieduquai.com\/en\/boutique\/aromates\/skod-la-distinguee\/","title":{"rendered":"SKOD &#8211; La Distingu\u00e9e"},"content":{"rendered":"<p>D\u00cb\u00cbT 40 &#8211; La Distingu\u00e9e &#8211; Sauce ferment\u00e9e id\u00e9ale pour relever le go\u00fbt de vos plats. Ne vous y m\u00e9prenez pas, m\u00eame si elle int\u00e8gre des framboises et des kiwis, elle n&#8217;est pas une sauce dessert! Elle ajoute une touche exotique \u00e0 vos recettes et apporte une explosion de saveurs en bouche. Elle convient \u00e0 tous les palais, m\u00eame les plus sensibles.<\/p>\n<p>Pour profiter pleinement de la D\u00cb\u00cbT 40, il est recommand\u00e9 de l&#8217;ajouter en petite quantit\u00e9 au d\u00e9but de la cuisson. Cela permettra aux saveurs acidul\u00e9es de se m\u00e9langer harmonieusement et d&#8217;obtenir un r\u00e9sultat final parfait.<\/p>\n<p>Utilisez D\u00cb\u00cbT 40 pour assaisonner votre poulet, vos crevettes ou comme \u00e9l\u00e9ment de vinaigrette dans vos salades. N&#8217;attendez plus pour d\u00e9couvrir la d\u00e9licieuse sauce piquante D\u00cb\u00cbT 40 et ajoutez une touche de piquant \u00e0 vos plats pr\u00e9f\u00e9r\u00e9s! Bouteille de 148\u00a0ml.<\/p>\n","protected":false},"excerpt":{"rendered":"<p>D\u00cb\u00cbT 40 &#8211; La Distingu\u00e9e &#8211; Sauce ferment\u00e9e id\u00e9ale pour relever le go\u00fbt de vos plats. Ne vous y m\u00e9prenez pas, m\u00eame si elle int\u00e8gre des framboises et des kiwis, elle n&#8217;est pas une sauce dessert! Elle ajoute une touche exotique \u00e0 vos recettes et apporte une explosion de saveurs en bouche. Elle convient \u00e0 [&hellip;]<\/p>\n","protected":false},"featured_media":10924,"template":"","meta":{"_acf_changed":false},"product_brand":[],"product_cat":[248],"product_tag":[],"class_list":{"0":"post-10923","1":"product","2":"type-product","3":"status-publish","4":"has-post-thumbnail","6":"product_cat-aromates","8":"first","9":"instock","10":"purchasable","11":"product-type-simple"},"acf":[],"jetpack_sharing_enabled":true,"_links":{"self":[{"href":"https:\/\/distillerieduquai.com\/en\/wp-json\/wp\/v2\/product\/10923","targetHints":{"allow":["GET"]}}],"collection":[{"href":"https:\/\/distillerieduquai.com\/en\/wp-json\/wp\/v2\/product"}],"about":[{"href":"https:\/\/distillerieduquai.com\/en\/wp-json\/wp\/v2\/types\/product"}],"wp:featuredmedia":[{"embeddable":true,"href":"https:\/\/distillerieduquai.com\/en\/wp-json\/wp\/v2\/media\/10924"}],"wp:attachment":[{"href":"https:\/\/distillerieduquai.com\/en\/wp-json\/wp\/v2\/media?parent=10923"}],"wp:term":[{"taxonomy":"product_brand","embeddable":true,"href":"https:\/\/distillerieduquai.com\/en\/wp-json\/wp\/v2\/product_brand?post=10923"},{"taxonomy":"product_cat","embeddable":true,"href":"https:\/\/distillerieduquai.com\/en\/wp-json\/wp\/v2\/product_cat?post=10923"},{"taxonomy":"product_tag","embeddable":true,"href":"https:\/\/distillerieduquai.com\/en\/wp-json\/wp\/v2\/product_tag?post=10923"}],"curies":[{"name":"wp","href":"https:\/\/api.w.org\/{rel}","templated":true}]}}