{"id":10926,"date":"2025-08-14T12:26:31","date_gmt":"2025-08-14T16:26:31","guid":{"rendered":"https:\/\/distillerieduquai.com\/?post_type=product&#038;p=10926"},"modified":"2025-08-22T15:26:48","modified_gmt":"2025-08-22T19:26:48","slug":"skod-la-fumigene","status":"publish","type":"product","link":"https:\/\/distillerieduquai.com\/en\/boutique\/aromates\/skod-la-fumigene\/","title":{"rendered":"SKOD &#8211; La Fumig\u00e8ne"},"content":{"rendered":"<p>Laissez-vous tenter par la D\u00cb\u00cbT 50 &#8211; La Fumig\u00e8ne, une sauce au rutabaga fum\u00e9 au bois de pommier qui offre un go\u00fbt riche et velout\u00e9.<\/p>\n<p>Parfaite pour accompagner les viandes rouges et pour ajouter une touche de saveur fum\u00e9e \u00e0 vos barbecues, cette sauce est relev\u00e9e avec des piments Machu Pichu et Mushroom Jama\u00efcan pour une intensit\u00e9 de chaleur \u00e9valu\u00e9e \u00e0 5 sur 10.<\/p>\n<p>Ajoutez une explosion de saveurs \u00e0 vos plats avec cette Fumig\u00e8ne \/ The Smoke Bomb, une exp\u00e9rience gustative \u00e0 ne pas manquer pour les amateurs de sauces piquantes. Bouteille de 148\u00a0ml.<\/p>\n","protected":false},"excerpt":{"rendered":"<p>Laissez-vous tenter par la D\u00cb\u00cbT 50 &#8211; La Fumig\u00e8ne, une sauce au rutabaga fum\u00e9 au bois de pommier qui offre un go\u00fbt riche et velout\u00e9. Parfaite pour accompagner les viandes rouges et pour ajouter une touche de saveur fum\u00e9e \u00e0 vos barbecues, cette sauce est relev\u00e9e avec des piments Machu Pichu et Mushroom Jama\u00efcan pour [&hellip;]<\/p>\n","protected":false},"featured_media":10927,"template":"","meta":{"_acf_changed":false},"product_brand":[],"product_cat":[248],"product_tag":[],"class_list":{"0":"post-10926","1":"product","2":"type-product","3":"status-publish","4":"has-post-thumbnail","6":"product_cat-aromates","8":"first","9":"instock","10":"purchasable","11":"product-type-simple"},"acf":[],"jetpack_sharing_enabled":true,"_links":{"self":[{"href":"https:\/\/distillerieduquai.com\/en\/wp-json\/wp\/v2\/product\/10926","targetHints":{"allow":["GET"]}}],"collection":[{"href":"https:\/\/distillerieduquai.com\/en\/wp-json\/wp\/v2\/product"}],"about":[{"href":"https:\/\/distillerieduquai.com\/en\/wp-json\/wp\/v2\/types\/product"}],"wp:featuredmedia":[{"embeddable":true,"href":"https:\/\/distillerieduquai.com\/en\/wp-json\/wp\/v2\/media\/10927"}],"wp:attachment":[{"href":"https:\/\/distillerieduquai.com\/en\/wp-json\/wp\/v2\/media?parent=10926"}],"wp:term":[{"taxonomy":"product_brand","embeddable":true,"href":"https:\/\/distillerieduquai.com\/en\/wp-json\/wp\/v2\/product_brand?post=10926"},{"taxonomy":"product_cat","embeddable":true,"href":"https:\/\/distillerieduquai.com\/en\/wp-json\/wp\/v2\/product_cat?post=10926"},{"taxonomy":"product_tag","embeddable":true,"href":"https:\/\/distillerieduquai.com\/en\/wp-json\/wp\/v2\/product_tag?post=10926"}],"curies":[{"name":"wp","href":"https:\/\/api.w.org\/{rel}","templated":true}]}}