{"id":10929,"date":"2025-08-14T12:28:37","date_gmt":"2025-08-14T16:28:37","guid":{"rendered":"https:\/\/distillerieduquai.com\/?post_type=product&#038;p=10929"},"modified":"2025-08-22T15:26:48","modified_gmt":"2025-08-22T19:26:48","slug":"skod-la-polygame","status":"publish","type":"product","link":"https:\/\/distillerieduquai.com\/en\/boutique\/aromates\/skod-la-polygame\/","title":{"rendered":"SKOD &#8211; La Polygame"},"content":{"rendered":"<p>D\u00cb\u00cbT 30 &#8211; La Polygame. Une sauce piquante unique et savoureuse \u00e0 base de piments de Cayenne ferment\u00e9s.<\/p>\n<p>Ce condiment \u00e9pic\u00e9 est le compl\u00e9ment parfait \u00e0 vos plats, cocktails et accompagnements pr\u00e9f\u00e9r\u00e9s. Que vous souhaitiez griller, sauter ou tremper, cette sauce polyvalente rehaussera le go\u00fbt de vos cr\u00e9ations gr\u00e2ce \u00e0 son profil riche et vinaigr\u00e9.<\/p>\n<p>Con\u00e7ue avec des ingr\u00e9dients de haute qualit\u00e9, D\u00cb\u00cbT 30 &#8211; La Polygame deviendra un incontournable de votre cuisine pour ajouter une touche de piquant et de saveurs \u00e0 n&#8217;importe quel plat.<\/p>\n<p>\u00c9levez vos cr\u00e9ations culinaires avec cette fantastique sauce piquante, vos papilles en redemanderont. Bouteille de 150 ml.<\/p>\n","protected":false},"excerpt":{"rendered":"<p>D\u00cb\u00cbT 30 &#8211; La Polygame. Une sauce piquante unique et savoureuse \u00e0 base de piments de Cayenne ferment\u00e9s. Ce condiment \u00e9pic\u00e9 est le compl\u00e9ment parfait \u00e0 vos plats, cocktails et accompagnements pr\u00e9f\u00e9r\u00e9s. Que vous souhaitiez griller, sauter ou tremper, cette sauce polyvalente rehaussera le go\u00fbt de vos cr\u00e9ations gr\u00e2ce \u00e0 son profil riche et vinaigr\u00e9. [&hellip;]<\/p>\n","protected":false},"featured_media":10930,"template":"","meta":{"_acf_changed":false},"product_brand":[],"product_cat":[248],"product_tag":[],"class_list":{"0":"post-10929","1":"product","2":"type-product","3":"status-publish","4":"has-post-thumbnail","6":"product_cat-aromates","8":"first","9":"instock","10":"purchasable","11":"product-type-simple"},"acf":[],"jetpack_sharing_enabled":true,"_links":{"self":[{"href":"https:\/\/distillerieduquai.com\/en\/wp-json\/wp\/v2\/product\/10929","targetHints":{"allow":["GET"]}}],"collection":[{"href":"https:\/\/distillerieduquai.com\/en\/wp-json\/wp\/v2\/product"}],"about":[{"href":"https:\/\/distillerieduquai.com\/en\/wp-json\/wp\/v2\/types\/product"}],"wp:featuredmedia":[{"embeddable":true,"href":"https:\/\/distillerieduquai.com\/en\/wp-json\/wp\/v2\/media\/10930"}],"wp:attachment":[{"href":"https:\/\/distillerieduquai.com\/en\/wp-json\/wp\/v2\/media?parent=10929"}],"wp:term":[{"taxonomy":"product_brand","embeddable":true,"href":"https:\/\/distillerieduquai.com\/en\/wp-json\/wp\/v2\/product_brand?post=10929"},{"taxonomy":"product_cat","embeddable":true,"href":"https:\/\/distillerieduquai.com\/en\/wp-json\/wp\/v2\/product_cat?post=10929"},{"taxonomy":"product_tag","embeddable":true,"href":"https:\/\/distillerieduquai.com\/en\/wp-json\/wp\/v2\/product_tag?post=10929"}],"curies":[{"name":"wp","href":"https:\/\/api.w.org\/{rel}","templated":true}]}}