{"id":10932,"date":"2025-08-14T12:33:36","date_gmt":"2025-08-14T16:33:36","guid":{"rendered":"https:\/\/distillerieduquai.com\/?post_type=product&#038;p=10932"},"modified":"2025-08-22T15:26:48","modified_gmt":"2025-08-22T19:26:48","slug":"skod-la-orka-40-7","status":"publish","type":"product","link":"https:\/\/distillerieduquai.com\/en\/boutique\/aromates\/skod-la-orka-40-7\/","title":{"rendered":"SKOD &#8211; La Orka 40-7"},"content":{"rendered":"<p>La sauce piquante, Orka 40-7, con\u00e7ue avec nul autre qu&#8217;avec notre piment signature, le Orka Red.<\/p>\n<p>Aux saveurs Italiennes et mexicaines, cette sauce polyvalente saura relev\u00e9e vos plats tels que vos p\u00e2tes, tacos, ailes de poulets burritos et beaucoup plus encore. Avec une chaleur de 7 sur 10 sans amertume ou go\u00fbt floral, elle sera en mesure de r\u00e9pondre \u00e0 vos attentes.<\/p>\n<p>Bouteille de 148 ml.<\/p>\n","protected":false},"excerpt":{"rendered":"<p>La sauce piquante, Orka 40-7, con\u00e7ue avec nul autre qu&#8217;avec notre piment signature, le Orka Red. Aux saveurs Italiennes et mexicaines, cette sauce polyvalente saura relev\u00e9e vos plats tels que vos p\u00e2tes, tacos, ailes de poulets burritos et beaucoup plus encore. Avec une chaleur de 7 sur 10 sans amertume ou go\u00fbt floral, elle sera [&hellip;]<\/p>\n","protected":false},"featured_media":10933,"template":"","meta":{"_acf_changed":false},"product_brand":[],"product_cat":[248],"product_tag":[],"class_list":{"0":"post-10932","1":"product","2":"type-product","3":"status-publish","4":"has-post-thumbnail","6":"product_cat-aromates","8":"first","9":"instock","10":"purchasable","11":"product-type-simple"},"acf":[],"jetpack_sharing_enabled":true,"_links":{"self":[{"href":"https:\/\/distillerieduquai.com\/en\/wp-json\/wp\/v2\/product\/10932","targetHints":{"allow":["GET"]}}],"collection":[{"href":"https:\/\/distillerieduquai.com\/en\/wp-json\/wp\/v2\/product"}],"about":[{"href":"https:\/\/distillerieduquai.com\/en\/wp-json\/wp\/v2\/types\/product"}],"wp:featuredmedia":[{"embeddable":true,"href":"https:\/\/distillerieduquai.com\/en\/wp-json\/wp\/v2\/media\/10933"}],"wp:attachment":[{"href":"https:\/\/distillerieduquai.com\/en\/wp-json\/wp\/v2\/media?parent=10932"}],"wp:term":[{"taxonomy":"product_brand","embeddable":true,"href":"https:\/\/distillerieduquai.com\/en\/wp-json\/wp\/v2\/product_brand?post=10932"},{"taxonomy":"product_cat","embeddable":true,"href":"https:\/\/distillerieduquai.com\/en\/wp-json\/wp\/v2\/product_cat?post=10932"},{"taxonomy":"product_tag","embeddable":true,"href":"https:\/\/distillerieduquai.com\/en\/wp-json\/wp\/v2\/product_tag?post=10932"}],"curies":[{"name":"wp","href":"https:\/\/api.w.org\/{rel}","templated":true}]}}