{"id":10935,"date":"2025-08-14T12:37:42","date_gmt":"2025-08-14T16:37:42","guid":{"rendered":"https:\/\/distillerieduquai.com\/?post_type=product&#038;p=10935"},"modified":"2025-08-22T15:26:48","modified_gmt":"2025-08-22T19:26:48","slug":"skod-rubs-666","status":"publish","type":"product","link":"https:\/\/distillerieduquai.com\/en\/boutique\/aromates\/skod-rubs-666\/","title":{"rendered":"SKOD &#8211; Rubs 666"},"content":{"rendered":"<p>Les \u00e9pices <strong>RUBS 666<\/strong>, tr\u00e8s intenses avec une\u00a0<strong>chaleur de 8 \/10 avec poudre de piments Scorpion.<\/strong><\/p>\n<p>Pour assaisonner, ajouter une tr\u00e8s bonne touche de chaleur et une intensit\u00e9 sans pareil sans g\u00e2cher vos plats favoris. Pour les steaks, grillardes, poissons, viandes blanches, salades et l\u00e9gumes, cocktails et bien plus encore. Ajouter \u00e0 votre go\u00fbt!<\/p>\n<p>Chaleur 8 \/10 &#8211; Format de 165g.<\/p>\n","protected":false},"excerpt":{"rendered":"<p>Les \u00e9pices RUBS 666, tr\u00e8s intenses avec une\u00a0chaleur de 8 \/10 avec poudre de piments Scorpion. Pour assaisonner, ajouter une tr\u00e8s bonne touche de chaleur et une intensit\u00e9 sans pareil sans g\u00e2cher vos plats favoris. Pour les steaks, grillardes, poissons, viandes blanches, salades et l\u00e9gumes, cocktails et bien plus encore. Ajouter \u00e0 votre go\u00fbt! Chaleur [&hellip;]<\/p>\n","protected":false},"featured_media":10936,"template":"","meta":{"_acf_changed":false},"product_brand":[],"product_cat":[248],"product_tag":[],"class_list":{"0":"post-10935","1":"product","2":"type-product","3":"status-publish","4":"has-post-thumbnail","6":"product_cat-aromates","8":"first","9":"instock","10":"purchasable","11":"product-type-simple"},"acf":[],"jetpack_sharing_enabled":true,"_links":{"self":[{"href":"https:\/\/distillerieduquai.com\/en\/wp-json\/wp\/v2\/product\/10935","targetHints":{"allow":["GET"]}}],"collection":[{"href":"https:\/\/distillerieduquai.com\/en\/wp-json\/wp\/v2\/product"}],"about":[{"href":"https:\/\/distillerieduquai.com\/en\/wp-json\/wp\/v2\/types\/product"}],"wp:featuredmedia":[{"embeddable":true,"href":"https:\/\/distillerieduquai.com\/en\/wp-json\/wp\/v2\/media\/10936"}],"wp:attachment":[{"href":"https:\/\/distillerieduquai.com\/en\/wp-json\/wp\/v2\/media?parent=10935"}],"wp:term":[{"taxonomy":"product_brand","embeddable":true,"href":"https:\/\/distillerieduquai.com\/en\/wp-json\/wp\/v2\/product_brand?post=10935"},{"taxonomy":"product_cat","embeddable":true,"href":"https:\/\/distillerieduquai.com\/en\/wp-json\/wp\/v2\/product_cat?post=10935"},{"taxonomy":"product_tag","embeddable":true,"href":"https:\/\/distillerieduquai.com\/en\/wp-json\/wp\/v2\/product_tag?post=10935"}],"curies":[{"name":"wp","href":"https:\/\/api.w.org\/{rel}","templated":true}]}}