{"id":10941,"date":"2025-08-22T14:21:53","date_gmt":"2025-08-22T18:21:53","guid":{"rendered":"https:\/\/distillerieduquai.com\/boutique\/non%20class\u00e9\/cheque-cadeau-2\/"},"modified":"2025-10-21T02:46:08","modified_gmt":"2025-10-21T06:46:08","slug":"cheque-cadeau-2","status":"publish","type":"product","link":"https:\/\/distillerieduquai.com\/en\/boutique\/produits-derives\/cheque-cadeau-2\/","title":{"rendered":"Ch\u00e8que-cadeau"},"content":{"rendered":"<p>Donnez \u00e0 un \u00eatre cher la chance de venir magasiner chez nous. R\u00e9compensez un employ\u00e9 pour son dur labeur. Faites plaisir au beau-fr\u00e8re sans vous casser la t\u00eate. Bref, un cadeau facile et appr\u00e9ci\u00e9 de tous!<\/p>\n<p><\/p>\n<p>Disponible en tranches de 25$, 50$ ou 100$.<\/p>\n","protected":false},"excerpt":{"rendered":"<p>Donnez \u00e0 un \u00eatre cher la chance de venir magasiner chez nous. R\u00e9compensez un employ\u00e9 pour son dur labeur. Faites plaisir au beau-fr\u00e8re sans vous casser la t\u00eate. Bref, un cadeau facile et appr\u00e9ci\u00e9 de tous! Disponible en tranches de 25$, 50$ ou 100$.<\/p>\n","protected":false},"featured_media":10942,"template":"","meta":{"_acf_changed":false},"product_brand":[],"product_cat":[34],"product_tag":[],"class_list":{"0":"post-10941","1":"product","2":"type-product","3":"status-publish","4":"has-post-thumbnail","6":"product_cat-produits-derives","8":"first","9":"outofstock","10":"taxable","11":"shipping-taxable","12":"purchasable","13":"product-type-variable"},"acf":[],"jetpack_sharing_enabled":true,"_links":{"self":[{"href":"https:\/\/distillerieduquai.com\/en\/wp-json\/wp\/v2\/product\/10941","targetHints":{"allow":["GET"]}}],"collection":[{"href":"https:\/\/distillerieduquai.com\/en\/wp-json\/wp\/v2\/product"}],"about":[{"href":"https:\/\/distillerieduquai.com\/en\/wp-json\/wp\/v2\/types\/product"}],"wp:featuredmedia":[{"embeddable":true,"href":"https:\/\/distillerieduquai.com\/en\/wp-json\/wp\/v2\/media\/10942"}],"wp:attachment":[{"href":"https:\/\/distillerieduquai.com\/en\/wp-json\/wp\/v2\/media?parent=10941"}],"wp:term":[{"taxonomy":"product_brand","embeddable":true,"href":"https:\/\/distillerieduquai.com\/en\/wp-json\/wp\/v2\/product_brand?post=10941"},{"taxonomy":"product_cat","embeddable":true,"href":"https:\/\/distillerieduquai.com\/en\/wp-json\/wp\/v2\/product_cat?post=10941"},{"taxonomy":"product_tag","embeddable":true,"href":"https:\/\/distillerieduquai.com\/en\/wp-json\/wp\/v2\/product_tag?post=10941"}],"curies":[{"name":"wp","href":"https:\/\/api.w.org\/{rel}","templated":true}]}}