{"id":10946,"date":"2025-08-22T15:14:17","date_gmt":"2025-08-22T19:14:17","guid":{"rendered":"https:\/\/distillerieduquai.com\/?post_type=product&#038;p=10946"},"modified":"2025-08-22T15:26:48","modified_gmt":"2025-08-22T19:26:48","slug":"sauce-chicoracha-sugar-daddy-bacon","status":"publish","type":"product","link":"https:\/\/distillerieduquai.com\/en\/boutique\/aromates\/sauce-chicoracha-sugar-daddy-bacon\/","title":{"rendered":"Sauce #Chicoracha &#8211; Sugar Daddy Bacon"},"content":{"rendered":"<p>Cette sauce est un mariage parfait entre la douceur et le piquant au go\u00fbt unique qui combine la chaleur subtile de la Sriracha avec une douceur \u00e9quilibr\u00e9e qui rel\u00e8ve vos plats sans les submerger.<\/p>\n<p>Que vous l&#8217;ajoutiez \u00e0 vos recettes asiatiques, mexicaines, dans une mayo \u00e9pic\u00e9e ou sur des ailes de poulet, la Chicoracha saura sublimer toutes vos cr\u00e9ations.<\/p>\n","protected":false},"excerpt":{"rendered":"<p>Cette sauce est un mariage parfait entre la douceur et le piquant au go\u00fbt unique qui combine la chaleur subtile de la Sriracha avec une douceur \u00e9quilibr\u00e9e qui rel\u00e8ve vos plats sans les submerger. Que vous l&#8217;ajoutiez \u00e0 vos recettes asiatiques, mexicaines, dans une mayo \u00e9pic\u00e9e ou sur des ailes de poulet, la Chicoracha saura [&hellip;]<\/p>\n","protected":false},"featured_media":10947,"template":"","meta":{"_acf_changed":false},"product_brand":[],"product_cat":[248],"product_tag":[],"class_list":{"0":"post-10946","1":"product","2":"type-product","3":"status-publish","4":"has-post-thumbnail","6":"product_cat-aromates","8":"first","9":"instock","10":"purchasable","11":"product-type-simple"},"acf":[],"jetpack_sharing_enabled":true,"_links":{"self":[{"href":"https:\/\/distillerieduquai.com\/en\/wp-json\/wp\/v2\/product\/10946","targetHints":{"allow":["GET"]}}],"collection":[{"href":"https:\/\/distillerieduquai.com\/en\/wp-json\/wp\/v2\/product"}],"about":[{"href":"https:\/\/distillerieduquai.com\/en\/wp-json\/wp\/v2\/types\/product"}],"wp:featuredmedia":[{"embeddable":true,"href":"https:\/\/distillerieduquai.com\/en\/wp-json\/wp\/v2\/media\/10947"}],"wp:attachment":[{"href":"https:\/\/distillerieduquai.com\/en\/wp-json\/wp\/v2\/media?parent=10946"}],"wp:term":[{"taxonomy":"product_brand","embeddable":true,"href":"https:\/\/distillerieduquai.com\/en\/wp-json\/wp\/v2\/product_brand?post=10946"},{"taxonomy":"product_cat","embeddable":true,"href":"https:\/\/distillerieduquai.com\/en\/wp-json\/wp\/v2\/product_cat?post=10946"},{"taxonomy":"product_tag","embeddable":true,"href":"https:\/\/distillerieduquai.com\/en\/wp-json\/wp\/v2\/product_tag?post=10946"}],"curies":[{"name":"wp","href":"https:\/\/api.w.org\/{rel}","templated":true}]}}