{"id":10966,"date":"2025-09-06T11:57:42","date_gmt":"2025-09-06T15:57:42","guid":{"rendered":"https:\/\/distillerieduquai.com\/?post_type=product&#038;p=10966"},"modified":"2025-10-16T14:27:36","modified_gmt":"2025-10-16T18:27:36","slug":"sauce-gardien-dbhut-les-spice-boys","status":"publish","type":"product","link":"https:\/\/distillerieduquai.com\/en\/boutique\/aromates\/sauce-gardien-dbhut-les-spice-boys\/","title":{"rendered":"Sauce Gardien D&#8217;Bhut &#8211; Les Spice Boys"},"content":{"rendered":"<p>Surprenante sauce d&#8217;inspiration indienne mariant curcuma, garam masala, lait de coco, lime et patates douces.<\/p>\n<p>Essayez-la dans un plat de curry, poulet, riz, dans une salade, un wrap ou avec des l\u00e9gumineuses.<\/p>\n<p>R\u00e9cipiendaire d&#8217;un troph\u00e9e au festival Brasiervil 2023, cat\u00e9gorie meilleure sauce douce!<\/p>\n<p>Ingr\u00e9dients\u00a0: Lait de coco, Patate douce, Vinaigre, Oignon, Eau, Jus de citron, P\u00eache, Carotte, Jus de lime, Sel, Sucre, Ail , Piment Bhut Jolokia (Ghost), \u00c9pices<\/p>\n<p>148 ml<\/p>\n","protected":false},"excerpt":{"rendered":"<p>Surprenante sauce d&#8217;inspiration indienne mariant curcuma, garam masala, lait de coco, lime et patates douces. Essayez-la dans un plat de curry, poulet, riz, dans une salade, un wrap ou avec des l\u00e9gumineuses. R\u00e9cipiendaire d&#8217;un troph\u00e9e au festival Brasiervil 2023, cat\u00e9gorie meilleure sauce douce! Ingr\u00e9dients\u00a0: Lait de coco, Patate douce, Vinaigre, Oignon, Eau, Jus de citron, [&hellip;]<\/p>\n","protected":false},"featured_media":10967,"template":"","meta":{"_acf_changed":false},"product_brand":[327],"product_cat":[248],"product_tag":[],"class_list":{"0":"post-10966","1":"product","2":"type-product","3":"status-publish","4":"has-post-thumbnail","6":"product_brand-spiceboys","7":"product_cat-aromates","9":"first","10":"instock","11":"purchasable","12":"product-type-simple"},"acf":[],"jetpack_sharing_enabled":true,"_links":{"self":[{"href":"https:\/\/distillerieduquai.com\/en\/wp-json\/wp\/v2\/product\/10966","targetHints":{"allow":["GET"]}}],"collection":[{"href":"https:\/\/distillerieduquai.com\/en\/wp-json\/wp\/v2\/product"}],"about":[{"href":"https:\/\/distillerieduquai.com\/en\/wp-json\/wp\/v2\/types\/product"}],"wp:featuredmedia":[{"embeddable":true,"href":"https:\/\/distillerieduquai.com\/en\/wp-json\/wp\/v2\/media\/10967"}],"wp:attachment":[{"href":"https:\/\/distillerieduquai.com\/en\/wp-json\/wp\/v2\/media?parent=10966"}],"wp:term":[{"taxonomy":"product_brand","embeddable":true,"href":"https:\/\/distillerieduquai.com\/en\/wp-json\/wp\/v2\/product_brand?post=10966"},{"taxonomy":"product_cat","embeddable":true,"href":"https:\/\/distillerieduquai.com\/en\/wp-json\/wp\/v2\/product_cat?post=10966"},{"taxonomy":"product_tag","embeddable":true,"href":"https:\/\/distillerieduquai.com\/en\/wp-json\/wp\/v2\/product_tag?post=10966"}],"curies":[{"name":"wp","href":"https:\/\/api.w.org\/{rel}","templated":true}]}}