{"id":10975,"date":"2025-09-06T12:02:04","date_gmt":"2025-09-06T16:02:04","guid":{"rendered":"https:\/\/distillerieduquai.com\/?post_type=product&#038;p=10975"},"modified":"2025-10-16T14:27:36","modified_gmt":"2025-10-16T18:27:36","slug":"sauces-gentil-biker-les-spice-boys","status":"publish","type":"product","link":"https:\/\/distillerieduquai.com\/en\/boutique\/aromates\/sauces-gentil-biker-les-spice-boys\/","title":{"rendered":"Sauces Gentil Biker &#8211; Les Spice Boys"},"content":{"rendered":"<p>D\u00e9licieuse sauce \u00e9pic\u00e9e \u00e0 l&#8217;aneth et aux piments Jalape\u00f1os.<\/p>\n<p>Sauce extr\u00eamement polyvalente, essayez-la dans tes tacos, nachos, poissons, oeufs, burgers&#8230;<\/p>\n<p>Ingr\u00e9dients :\u00a0Piment Jalapeno, Pur\u00e9e de Jalapeno (piment Jalapeno, sel, acide ac\u00e9tique), Eau, Vinaigre, Oignon, Sucres (miel), Ail, Sel, Jus de lime, Aneth, Gomme de xanthane<\/p>\n<p>148 ml<\/p>\n","protected":false},"excerpt":{"rendered":"<p>D\u00e9licieuse sauce \u00e9pic\u00e9e \u00e0 l&#8217;aneth et aux piments Jalape\u00f1os. Sauce extr\u00eamement polyvalente, essayez-la dans tes tacos, nachos, poissons, oeufs, burgers&#8230; Ingr\u00e9dients :\u00a0Piment Jalapeno, Pur\u00e9e de Jalapeno (piment Jalapeno, sel, acide ac\u00e9tique), Eau, Vinaigre, Oignon, Sucres (miel), Ail, Sel, Jus de lime, Aneth, Gomme de xanthane 148 ml<\/p>\n","protected":false},"featured_media":10976,"template":"","meta":{"_acf_changed":false},"product_brand":[327],"product_cat":[248],"product_tag":[],"class_list":{"0":"post-10975","1":"product","2":"type-product","3":"status-publish","4":"has-post-thumbnail","6":"product_brand-spiceboys","7":"product_cat-aromates","9":"first","10":"instock","11":"purchasable","12":"product-type-simple"},"acf":[],"jetpack_sharing_enabled":true,"_links":{"self":[{"href":"https:\/\/distillerieduquai.com\/en\/wp-json\/wp\/v2\/product\/10975","targetHints":{"allow":["GET"]}}],"collection":[{"href":"https:\/\/distillerieduquai.com\/en\/wp-json\/wp\/v2\/product"}],"about":[{"href":"https:\/\/distillerieduquai.com\/en\/wp-json\/wp\/v2\/types\/product"}],"wp:featuredmedia":[{"embeddable":true,"href":"https:\/\/distillerieduquai.com\/en\/wp-json\/wp\/v2\/media\/10976"}],"wp:attachment":[{"href":"https:\/\/distillerieduquai.com\/en\/wp-json\/wp\/v2\/media?parent=10975"}],"wp:term":[{"taxonomy":"product_brand","embeddable":true,"href":"https:\/\/distillerieduquai.com\/en\/wp-json\/wp\/v2\/product_brand?post=10975"},{"taxonomy":"product_cat","embeddable":true,"href":"https:\/\/distillerieduquai.com\/en\/wp-json\/wp\/v2\/product_cat?post=10975"},{"taxonomy":"product_tag","embeddable":true,"href":"https:\/\/distillerieduquai.com\/en\/wp-json\/wp\/v2\/product_tag?post=10975"}],"curies":[{"name":"wp","href":"https:\/\/api.w.org\/{rel}","templated":true}]}}