{"id":10988,"date":"2025-09-06T12:04:57","date_gmt":"2025-09-06T16:04:57","guid":{"rendered":"https:\/\/distillerieduquai.com\/?post_type=product&#038;p=10988"},"modified":"2025-10-16T14:27:31","modified_gmt":"2025-10-16T18:27:31","slug":"sauce-redneck-les-spice-boys","status":"publish","type":"product","link":"https:\/\/distillerieduquai.com\/en\/boutique\/aromates\/sauce-redneck-les-spice-boys\/","title":{"rendered":"Sauce Redneck &#8211; Les Spice Boys"},"content":{"rendered":"<p>Savoureuse sauce piquante de type piri piri contenant du piment scotch bonnet et du piment bhut jolokia.<\/p>\n<p>Sauce cr\u00e9meuse et r\u00e9confortante \u00e0 ajouter \u00e0 vos plats de poulet: brochettes, burgers, ailes, vos plats de p\u00e2tes et en trempette pour les viandes rouges.<\/p>\n<p>R\u00e9cipiendaire du premier prix au festival Brasiervil 2024, cat\u00e9gorie meilleure sauce douce!<\/p>\n<p>Ingr\u00e9dients: poivrons rouges, bouillon de poulet (eau, bouillon de poulet concentr\u00e9, sel, sucre, extrait de levure, gras de poulet, amidon de ma\u00efs, acide citrique), huile de canola, beurre, \u00e9pices, vinaigre blanc, vinaigre de vin blanc, jus de citron, piment scotch bonnet, sel, ail, piment bhut jolokia, acide citrique. Contient lait et sulfites.<\/p>\n<p>148 ml<\/p>\n","protected":false},"excerpt":{"rendered":"<p>Savoureuse sauce piquante de type piri piri contenant du piment scotch bonnet et du piment bhut jolokia. Sauce cr\u00e9meuse et r\u00e9confortante \u00e0 ajouter \u00e0 vos plats de poulet: brochettes, burgers, ailes, vos plats de p\u00e2tes et en trempette pour les viandes rouges. R\u00e9cipiendaire du premier prix au festival Brasiervil 2024, cat\u00e9gorie meilleure sauce douce! Ingr\u00e9dients: [&hellip;]<\/p>\n","protected":false},"featured_media":10982,"template":"","meta":{"_acf_changed":false},"product_brand":[327],"product_cat":[248],"product_tag":[],"class_list":{"0":"post-10988","1":"product","2":"type-product","3":"status-publish","4":"has-post-thumbnail","6":"product_brand-spiceboys","7":"product_cat-aromates","9":"first","10":"instock","11":"purchasable","12":"product-type-simple"},"acf":[],"jetpack_sharing_enabled":true,"_links":{"self":[{"href":"https:\/\/distillerieduquai.com\/en\/wp-json\/wp\/v2\/product\/10988","targetHints":{"allow":["GET"]}}],"collection":[{"href":"https:\/\/distillerieduquai.com\/en\/wp-json\/wp\/v2\/product"}],"about":[{"href":"https:\/\/distillerieduquai.com\/en\/wp-json\/wp\/v2\/types\/product"}],"wp:featuredmedia":[{"embeddable":true,"href":"https:\/\/distillerieduquai.com\/en\/wp-json\/wp\/v2\/media\/10982"}],"wp:attachment":[{"href":"https:\/\/distillerieduquai.com\/en\/wp-json\/wp\/v2\/media?parent=10988"}],"wp:term":[{"taxonomy":"product_brand","embeddable":true,"href":"https:\/\/distillerieduquai.com\/en\/wp-json\/wp\/v2\/product_brand?post=10988"},{"taxonomy":"product_cat","embeddable":true,"href":"https:\/\/distillerieduquai.com\/en\/wp-json\/wp\/v2\/product_cat?post=10988"},{"taxonomy":"product_tag","embeddable":true,"href":"https:\/\/distillerieduquai.com\/en\/wp-json\/wp\/v2\/product_tag?post=10988"}],"curies":[{"name":"wp","href":"https:\/\/api.w.org\/{rel}","templated":true}]}}