{"id":11019,"date":"2025-10-18T13:36:02","date_gmt":"2025-10-18T17:36:02","guid":{"rendered":"https:\/\/distillerieduquai.com\/?post_type=product&#038;p=11019"},"modified":"2025-12-27T12:09:38","modified_gmt":"2025-12-27T17:09:38","slug":"sirop-ddq-bonne-fete","status":"publish","type":"product","link":"https:\/\/distillerieduquai.com\/en\/boutique\/sirops\/sirop-ddq-bonne-fete\/","title":{"rendered":"Sirop DDQ &#8211; Bonne f\u00eate"},"content":{"rendered":"<p>Fabriqu\u00e9 fi\u00e8rement \u00e0 notre distillerie, passez \u00e0 l&#8217;\u00e9tape sup\u00e9rieur dans la conception de vos cocktails.<\/p>\n<p>Vous pouvez m\u00eame les utiliser dans vos desserts!<\/p>\n<p>357 ml \u2013 15% alc.\/vol.<\/p>\n<p>Sans agent de conservation<\/p>\n","protected":false},"excerpt":{"rendered":"<p>Fabriqu\u00e9 fi\u00e8rement \u00e0 notre distillerie, passez \u00e0 l&#8217;\u00e9tape sup\u00e9rieur dans la conception de vos cocktails. Vous pouvez m\u00eame les utiliser dans vos desserts! 357 ml \u2013 15% alc.\/vol. Sans agent de conservation<\/p>\n","protected":false},"featured_media":11008,"template":"","meta":{"_acf_changed":false},"product_brand":[],"product_cat":[244],"product_tag":[],"class_list":{"0":"post-11019","1":"product","2":"type-product","3":"status-publish","4":"has-post-thumbnail","6":"product_cat-sirops","8":"first","9":"instock","10":"taxable","11":"shipping-taxable","12":"purchasable","13":"product-type-simple"},"acf":[],"jetpack_sharing_enabled":true,"_links":{"self":[{"href":"https:\/\/distillerieduquai.com\/en\/wp-json\/wp\/v2\/product\/11019","targetHints":{"allow":["GET"]}}],"collection":[{"href":"https:\/\/distillerieduquai.com\/en\/wp-json\/wp\/v2\/product"}],"about":[{"href":"https:\/\/distillerieduquai.com\/en\/wp-json\/wp\/v2\/types\/product"}],"wp:featuredmedia":[{"embeddable":true,"href":"https:\/\/distillerieduquai.com\/en\/wp-json\/wp\/v2\/media\/11008"}],"wp:attachment":[{"href":"https:\/\/distillerieduquai.com\/en\/wp-json\/wp\/v2\/media?parent=11019"}],"wp:term":[{"taxonomy":"product_brand","embeddable":true,"href":"https:\/\/distillerieduquai.com\/en\/wp-json\/wp\/v2\/product_brand?post=11019"},{"taxonomy":"product_cat","embeddable":true,"href":"https:\/\/distillerieduquai.com\/en\/wp-json\/wp\/v2\/product_cat?post=11019"},{"taxonomy":"product_tag","embeddable":true,"href":"https:\/\/distillerieduquai.com\/en\/wp-json\/wp\/v2\/product_tag?post=11019"}],"curies":[{"name":"wp","href":"https:\/\/api.w.org\/{rel}","templated":true}]}}