{"id":11022,"date":"2025-10-18T14:20:45","date_gmt":"2025-10-18T18:20:45","guid":{"rendered":"https:\/\/distillerieduquai.com\/?post_type=product&#038;p=11022"},"modified":"2025-10-18T14:20:45","modified_gmt":"2025-10-18T18:20:45","slug":"la-fumee-sans-feu","status":"publish","type":"product","link":"https:\/\/distillerieduquai.com\/en\/boutique\/aromates\/la-fumee-sans-feu\/","title":{"rendered":"La fum\u00e9e sans feu"},"content":{"rendered":"<p>Cette fum\u00e9e liquide est id\u00e9ale pour ajouter une touche fum\u00e9e \u00e0 vos cocktails ou recettes, sans n\u00e9cessiter du mat\u00e9riel complexe.<\/p>\n<p>Facile et rapide \u00e0 utiliser, elle rehaussera vos cr\u00e9ations avec \u00e9l\u00e9gance et audace.<\/p>\n<p>100 ml<\/p>\n","protected":false},"excerpt":{"rendered":"<p>Cette fum\u00e9e liquide est id\u00e9ale pour ajouter une touche fum\u00e9e \u00e0 vos cocktails ou recettes, sans n\u00e9cessiter du mat\u00e9riel complexe. Facile et rapide \u00e0 utiliser, elle rehaussera vos cr\u00e9ations avec \u00e9l\u00e9gance et audace. 100 ml<\/p>\n","protected":false},"featured_media":11014,"template":"","meta":{"_acf_changed":false},"product_brand":[],"product_cat":[248],"product_tag":[],"class_list":{"0":"post-11022","1":"product","2":"type-product","3":"status-publish","4":"has-post-thumbnail","6":"product_cat-aromates","8":"first","9":"instock","10":"taxable","11":"shipping-taxable","12":"purchasable","13":"product-type-simple"},"acf":[],"jetpack_sharing_enabled":true,"_links":{"self":[{"href":"https:\/\/distillerieduquai.com\/en\/wp-json\/wp\/v2\/product\/11022","targetHints":{"allow":["GET"]}}],"collection":[{"href":"https:\/\/distillerieduquai.com\/en\/wp-json\/wp\/v2\/product"}],"about":[{"href":"https:\/\/distillerieduquai.com\/en\/wp-json\/wp\/v2\/types\/product"}],"wp:featuredmedia":[{"embeddable":true,"href":"https:\/\/distillerieduquai.com\/en\/wp-json\/wp\/v2\/media\/11014"}],"wp:attachment":[{"href":"https:\/\/distillerieduquai.com\/en\/wp-json\/wp\/v2\/media?parent=11022"}],"wp:term":[{"taxonomy":"product_brand","embeddable":true,"href":"https:\/\/distillerieduquai.com\/en\/wp-json\/wp\/v2\/product_brand?post=11022"},{"taxonomy":"product_cat","embeddable":true,"href":"https:\/\/distillerieduquai.com\/en\/wp-json\/wp\/v2\/product_cat?post=11022"},{"taxonomy":"product_tag","embeddable":true,"href":"https:\/\/distillerieduquai.com\/en\/wp-json\/wp\/v2\/product_tag?post=11022"}],"curies":[{"name":"wp","href":"https:\/\/api.w.org\/{rel}","templated":true}]}}