{"id":11123,"date":"2025-11-15T14:00:45","date_gmt":"2025-11-15T19:00:45","guid":{"rendered":"https:\/\/distillerieduquai.com\/?post_type=product&#038;p=11123"},"modified":"2025-11-15T14:01:11","modified_gmt":"2025-11-15T19:01:11","slug":"samhot-rimmer-a-bloody","status":"publish","type":"product","link":"https:\/\/distillerieduquai.com\/en\/boutique\/aromates\/samhot-rimmer-a-bloody\/","title":{"rendered":"SAMHOT &#8211; Rimmer \u00e0 bloody"},"content":{"rendered":"<div class=\"product__description rte quick-add-hidden\">\n<p>Le rimmer \u00e0 bloody par excellence au go\u00fbt l\u00e9g\u00e8rement \u00e9pic\u00e9 et umami.<\/p>\n<p>Fait \u00e0 partir des r\u00e9sidus de la sauce Bloody Originale SAMHOT, le rimmer \u00e0 Bloody est l&#8217;alli\u00e9 par excellence pour les Bloody Caesar les plus go\u00fbteux du Qu\u00e9bec.<\/p>\n<p>Sachet de 50g.<\/p>\n<\/div>\n","protected":false},"excerpt":{"rendered":"<p>Le rimmer \u00e0 bloody par excellence au go\u00fbt l\u00e9g\u00e8rement \u00e9pic\u00e9 et umami. Fait \u00e0 partir des r\u00e9sidus de la sauce Bloody Originale SAMHOT, le rimmer \u00e0 Bloody est l&#8217;alli\u00e9 par excellence pour les Bloody Caesar les plus go\u00fbteux du Qu\u00e9bec. Sachet de 50g.<\/p>\n","protected":false},"featured_media":11102,"template":"","meta":{"_acf_changed":false},"product_brand":[],"product_cat":[248],"product_tag":[],"class_list":{"0":"post-11123","1":"product","2":"type-product","3":"status-publish","4":"has-post-thumbnail","6":"product_cat-aromates","8":"first","9":"instock","10":"purchasable","11":"product-type-simple"},"acf":[],"jetpack_sharing_enabled":true,"_links":{"self":[{"href":"https:\/\/distillerieduquai.com\/en\/wp-json\/wp\/v2\/product\/11123","targetHints":{"allow":["GET"]}}],"collection":[{"href":"https:\/\/distillerieduquai.com\/en\/wp-json\/wp\/v2\/product"}],"about":[{"href":"https:\/\/distillerieduquai.com\/en\/wp-json\/wp\/v2\/types\/product"}],"wp:featuredmedia":[{"embeddable":true,"href":"https:\/\/distillerieduquai.com\/en\/wp-json\/wp\/v2\/media\/11102"}],"wp:attachment":[{"href":"https:\/\/distillerieduquai.com\/en\/wp-json\/wp\/v2\/media?parent=11123"}],"wp:term":[{"taxonomy":"product_brand","embeddable":true,"href":"https:\/\/distillerieduquai.com\/en\/wp-json\/wp\/v2\/product_brand?post=11123"},{"taxonomy":"product_cat","embeddable":true,"href":"https:\/\/distillerieduquai.com\/en\/wp-json\/wp\/v2\/product_cat?post=11123"},{"taxonomy":"product_tag","embeddable":true,"href":"https:\/\/distillerieduquai.com\/en\/wp-json\/wp\/v2\/product_tag?post=11123"}],"curies":[{"name":"wp","href":"https:\/\/api.w.org\/{rel}","templated":true}]}}