{"id":11137,"date":"2025-11-19T10:47:41","date_gmt":"2025-11-19T15:47:41","guid":{"rendered":"https:\/\/distillerieduquai.com\/?post_type=product&#038;p=11137"},"modified":"2025-12-27T12:09:38","modified_gmt":"2025-12-27T17:09:38","slug":"sirop-simple-ddq","status":"publish","type":"product","link":"https:\/\/distillerieduquai.com\/en\/boutique\/sirops\/sirop-simple-ddq\/","title":{"rendered":"Sirop simple DDQ"},"content":{"rendered":"<p>Oui, on le sait\u2026 le sirop simple, c\u2019est simple. Deux ingr\u00e9dients, un chaudron, un peu de patience \u2014 bref, rien pour faire paniquer Gordon Ramsay, mais si tu n&#8217;as pas envie de salir une casserole, de brasser comme si tu pr\u00e9parais les Jeux olympiques du whisking, ou de te demander si tu as mis trop d\u2019eau ou pas assez de sucre\u2026 on t&#8217;a r\u00e9gl\u00e9 \u00e7a.<\/p>\n<p>Notre sirop est bon, \u00e9quilibr\u00e9, naturel \u00e0 100 % et surtout, z\u00e9ro agent de conservation chimique. Juste du vrai, du propre, du simple\u2026 Fait simplement par nous.<\/p>\n<p>Alors oui, tu peux le faire toi-m\u00eame. Mais honn\u00eatement\u2026 pourquoi se casser la t\u00eate quand on le fait super bien pour toi ?<\/p>\n<p>355 ml \u2013 15% alc.\/vol.<\/p>\n<p>Sans agent de conservation<\/p>\n","protected":false},"excerpt":{"rendered":"<p>Oui, on le sait\u2026 le sirop simple, c\u2019est simple. Deux ingr\u00e9dients, un chaudron, un peu de patience \u2014 bref, rien pour faire paniquer Gordon Ramsay, mais si tu n&#8217;as pas envie de salir une casserole, de brasser comme si tu pr\u00e9parais les Jeux olympiques du whisking, ou de te demander si tu as mis trop [&hellip;]<\/p>\n","protected":false},"featured_media":11230,"template":"","meta":{"_acf_changed":false},"product_brand":[],"product_cat":[244],"product_tag":[],"class_list":{"0":"post-11137","1":"product","2":"type-product","3":"status-publish","4":"has-post-thumbnail","6":"product_cat-sirops","8":"first","9":"instock","10":"purchasable","11":"product-type-simple"},"acf":[],"jetpack_sharing_enabled":true,"_links":{"self":[{"href":"https:\/\/distillerieduquai.com\/en\/wp-json\/wp\/v2\/product\/11137","targetHints":{"allow":["GET"]}}],"collection":[{"href":"https:\/\/distillerieduquai.com\/en\/wp-json\/wp\/v2\/product"}],"about":[{"href":"https:\/\/distillerieduquai.com\/en\/wp-json\/wp\/v2\/types\/product"}],"wp:featuredmedia":[{"embeddable":true,"href":"https:\/\/distillerieduquai.com\/en\/wp-json\/wp\/v2\/media\/11230"}],"wp:attachment":[{"href":"https:\/\/distillerieduquai.com\/en\/wp-json\/wp\/v2\/media?parent=11137"}],"wp:term":[{"taxonomy":"product_brand","embeddable":true,"href":"https:\/\/distillerieduquai.com\/en\/wp-json\/wp\/v2\/product_brand?post=11137"},{"taxonomy":"product_cat","embeddable":true,"href":"https:\/\/distillerieduquai.com\/en\/wp-json\/wp\/v2\/product_cat?post=11137"},{"taxonomy":"product_tag","embeddable":true,"href":"https:\/\/distillerieduquai.com\/en\/wp-json\/wp\/v2\/product_tag?post=11137"}],"curies":[{"name":"wp","href":"https:\/\/api.w.org\/{rel}","templated":true}]}}