{"id":7646,"date":"2024-01-24T15:24:09","date_gmt":"2024-01-24T20:24:09","guid":{"rendered":"https:\/\/distillerieduquai.com\/boutique-en-ligne\/non%20class\u00e9\/hoodie-rocknroll\/"},"modified":"2026-04-13T10:28:43","modified_gmt":"2026-04-13T14:28:43","slug":"hoodie-rocknroll","status":"publish","type":"product","link":"https:\/\/distillerieduquai.com\/en\/boutique\/vetements\/hoodie-rocknroll\/","title":{"rendered":"Hoodie Rocknroll"},"content":{"rendered":"<p>\u00c0 qui la chance! Tr\u00e8s bas stock des hoodies originaux de notre distillerie avec ROCK N ROLL \u00e9crit en gros dans le dos, en hommage \u00e0 Homer Simpson.<\/p>\n","protected":false},"excerpt":{"rendered":"<p>\u00c0 qui la chance! Tr\u00e8s bas stock des hoodies originaux de notre distillerie avec ROCK N ROLL \u00e9crit en gros dans le dos, en hommage \u00e0 Homer Simpson.<\/p>\n","protected":false},"featured_media":8599,"template":"","meta":{"_acf_changed":false},"product_brand":[],"product_cat":[201],"product_tag":[],"class_list":{"0":"post-7646","1":"product","2":"type-product","3":"status-publish","4":"has-post-thumbnail","6":"product_cat-vetements","8":"first","9":"instock","10":"taxable","11":"shipping-taxable","12":"purchasable","13":"product-type-variable"},"acf":[],"jetpack_sharing_enabled":true,"_links":{"self":[{"href":"https:\/\/distillerieduquai.com\/en\/wp-json\/wp\/v2\/product\/7646","targetHints":{"allow":["GET"]}}],"collection":[{"href":"https:\/\/distillerieduquai.com\/en\/wp-json\/wp\/v2\/product"}],"about":[{"href":"https:\/\/distillerieduquai.com\/en\/wp-json\/wp\/v2\/types\/product"}],"wp:featuredmedia":[{"embeddable":true,"href":"https:\/\/distillerieduquai.com\/en\/wp-json\/wp\/v2\/media\/8599"}],"wp:attachment":[{"href":"https:\/\/distillerieduquai.com\/en\/wp-json\/wp\/v2\/media?parent=7646"}],"wp:term":[{"taxonomy":"product_brand","embeddable":true,"href":"https:\/\/distillerieduquai.com\/en\/wp-json\/wp\/v2\/product_brand?post=7646"},{"taxonomy":"product_cat","embeddable":true,"href":"https:\/\/distillerieduquai.com\/en\/wp-json\/wp\/v2\/product_cat?post=7646"},{"taxonomy":"product_tag","embeddable":true,"href":"https:\/\/distillerieduquai.com\/en\/wp-json\/wp\/v2\/product_tag?post=7646"}],"curies":[{"name":"wp","href":"https:\/\/api.w.org\/{rel}","templated":true}]}}