{"id":7712,"date":"2024-01-24T15:24:52","date_gmt":"2024-01-24T20:24:52","guid":{"rendered":"https:\/\/distillerieduquai.com\/boutique-en-ligne\/non%20class\u00e9\/t-shirt-pouzza-noir\/"},"modified":"2026-04-13T10:28:43","modified_gmt":"2026-04-13T14:28:43","slug":"t-shirt-pouzza-noir","status":"publish","type":"product","link":"https:\/\/distillerieduquai.com\/en\/boutique\/vetements\/t-shirt-pouzza-noir\/","title":{"rendered":"T-shirt &#8211; Pouzza Noir"},"content":{"rendered":"<p>Un t-shirt \u00e0 la fois distingu\u00e9 et un peu thrash, on aime \u00e7a! Fait en collaboration avec le festival Pouzza et Big Bill.<\/p>\n<p><\/p>\n<p>Le Sonic Slime est tout simplement 2oz de Supersonic dans du Powerade vert.<\/p>\n","protected":false},"excerpt":{"rendered":"<p>Un t-shirt \u00e0 la fois distingu\u00e9 et un peu thrash, on aime \u00e7a! Fait en collaboration avec le festival Pouzza et Big Bill. Le Sonic Slime est tout simplement 2oz de Supersonic dans du Powerade vert.<\/p>\n","protected":false},"featured_media":8454,"template":"","meta":{"_acf_changed":false},"product_brand":[],"product_cat":[201],"product_tag":[],"class_list":{"0":"post-7712","1":"product","2":"type-product","3":"status-publish","4":"has-post-thumbnail","6":"product_cat-vetements","8":"first","9":"instock","10":"taxable","11":"shipping-taxable","12":"purchasable","13":"product-type-variable"},"acf":[],"jetpack_sharing_enabled":true,"_links":{"self":[{"href":"https:\/\/distillerieduquai.com\/en\/wp-json\/wp\/v2\/product\/7712","targetHints":{"allow":["GET"]}}],"collection":[{"href":"https:\/\/distillerieduquai.com\/en\/wp-json\/wp\/v2\/product"}],"about":[{"href":"https:\/\/distillerieduquai.com\/en\/wp-json\/wp\/v2\/types\/product"}],"wp:featuredmedia":[{"embeddable":true,"href":"https:\/\/distillerieduquai.com\/en\/wp-json\/wp\/v2\/media\/8454"}],"wp:attachment":[{"href":"https:\/\/distillerieduquai.com\/en\/wp-json\/wp\/v2\/media?parent=7712"}],"wp:term":[{"taxonomy":"product_brand","embeddable":true,"href":"https:\/\/distillerieduquai.com\/en\/wp-json\/wp\/v2\/product_brand?post=7712"},{"taxonomy":"product_cat","embeddable":true,"href":"https:\/\/distillerieduquai.com\/en\/wp-json\/wp\/v2\/product_cat?post=7712"},{"taxonomy":"product_tag","embeddable":true,"href":"https:\/\/distillerieduquai.com\/en\/wp-json\/wp\/v2\/product_tag?post=7712"}],"curies":[{"name":"wp","href":"https:\/\/api.w.org\/{rel}","templated":true}]}}