{"id":7719,"date":"2024-01-24T15:24:55","date_gmt":"2024-01-24T20:24:55","guid":{"rendered":"https:\/\/distillerieduquai.com\/boutique-en-ligne\/non%20class\u00e9\/t-shirt-pouzza-blanc\/"},"modified":"2026-04-30T17:16:20","modified_gmt":"2026-04-30T21:16:20","slug":"t-shirt-pouzza-blanc","status":"publish","type":"product","link":"https:\/\/distillerieduquai.com\/en\/boutique\/vetements\/t-shirt-pouzza-blanc\/","title":{"rendered":"T-shirt &#8211; Pouzza Blanc"},"content":{"rendered":"<p>Design tr\u00e8s thrash-metal fait en collaboration avec le festival Pouzza et les v\u00eatements Big Bill. <\/p>\n<p>Vous ne passerez plus jamais inaper\u00e7u!<\/p>\n","protected":false},"excerpt":{"rendered":"<p>Design tr\u00e8s thrash-metal fait en collaboration avec le festival Pouzza et les v\u00eatements Big Bill. Vous ne passerez plus jamais inaper\u00e7u!<\/p>\n","protected":false},"featured_media":8456,"template":"","meta":{"_acf_changed":false},"product_brand":[],"product_cat":[201],"product_tag":[],"class_list":{"0":"post-7719","1":"product","2":"type-product","3":"status-publish","4":"has-post-thumbnail","6":"product_cat-vetements","8":"first","9":"instock","10":"taxable","11":"shipping-taxable","12":"purchasable","13":"product-type-variable"},"acf":[],"jetpack_sharing_enabled":true,"_links":{"self":[{"href":"https:\/\/distillerieduquai.com\/en\/wp-json\/wp\/v2\/product\/7719","targetHints":{"allow":["GET"]}}],"collection":[{"href":"https:\/\/distillerieduquai.com\/en\/wp-json\/wp\/v2\/product"}],"about":[{"href":"https:\/\/distillerieduquai.com\/en\/wp-json\/wp\/v2\/types\/product"}],"wp:featuredmedia":[{"embeddable":true,"href":"https:\/\/distillerieduquai.com\/en\/wp-json\/wp\/v2\/media\/8456"}],"wp:attachment":[{"href":"https:\/\/distillerieduquai.com\/en\/wp-json\/wp\/v2\/media?parent=7719"}],"wp:term":[{"taxonomy":"product_brand","embeddable":true,"href":"https:\/\/distillerieduquai.com\/en\/wp-json\/wp\/v2\/product_brand?post=7719"},{"taxonomy":"product_cat","embeddable":true,"href":"https:\/\/distillerieduquai.com\/en\/wp-json\/wp\/v2\/product_cat?post=7719"},{"taxonomy":"product_tag","embeddable":true,"href":"https:\/\/distillerieduquai.com\/en\/wp-json\/wp\/v2\/product_tag?post=7719"}],"curies":[{"name":"wp","href":"https:\/\/api.w.org\/{rel}","templated":true}]}}