{"id":7726,"date":"2024-01-24T15:24:58","date_gmt":"2024-01-24T20:24:58","guid":{"rendered":"https:\/\/distillerieduquai.com\/boutique-en-ligne\/non%20class\u00e9\/t-shirt-col-v\/"},"modified":"2026-05-04T04:12:05","modified_gmt":"2026-05-04T08:12:05","slug":"t-shirt-col-v","status":"publish","type":"product","link":"https:\/\/distillerieduquai.com\/en\/boutique\/vetements\/t-shirt-col-v\/","title":{"rendered":"T-shirt Col en V &#8211; Supersonic"},"content":{"rendered":"<p>Le chandail \u00e0 manches courtes avec un col en V original de notre classique London Dry Gin Supersonic.<\/p>\n<p>100% cotton, imprim\u00e9 \u00e0 Trois-Rivi\u00e8res.<\/p>\n","protected":false},"excerpt":{"rendered":"<p>Le chandail \u00e0 manches courtes avec un col en V original de notre classique London Dry Gin Supersonic. 100% cotton, imprim\u00e9 \u00e0 Trois-Rivi\u00e8res.<\/p>\n","protected":false},"featured_media":8035,"template":"","meta":{"_acf_changed":false},"product_brand":[],"product_cat":[201],"product_tag":[],"class_list":{"0":"post-7726","1":"product","2":"type-product","3":"status-publish","4":"has-post-thumbnail","6":"product_cat-vetements","8":"first","9":"instock","10":"taxable","11":"shipping-taxable","12":"purchasable","13":"product-type-variable"},"acf":[],"jetpack_sharing_enabled":true,"_links":{"self":[{"href":"https:\/\/distillerieduquai.com\/en\/wp-json\/wp\/v2\/product\/7726","targetHints":{"allow":["GET"]}}],"collection":[{"href":"https:\/\/distillerieduquai.com\/en\/wp-json\/wp\/v2\/product"}],"about":[{"href":"https:\/\/distillerieduquai.com\/en\/wp-json\/wp\/v2\/types\/product"}],"wp:featuredmedia":[{"embeddable":true,"href":"https:\/\/distillerieduquai.com\/en\/wp-json\/wp\/v2\/media\/8035"}],"wp:attachment":[{"href":"https:\/\/distillerieduquai.com\/en\/wp-json\/wp\/v2\/media?parent=7726"}],"wp:term":[{"taxonomy":"product_brand","embeddable":true,"href":"https:\/\/distillerieduquai.com\/en\/wp-json\/wp\/v2\/product_brand?post=7726"},{"taxonomy":"product_cat","embeddable":true,"href":"https:\/\/distillerieduquai.com\/en\/wp-json\/wp\/v2\/product_cat?post=7726"},{"taxonomy":"product_tag","embeddable":true,"href":"https:\/\/distillerieduquai.com\/en\/wp-json\/wp\/v2\/product_tag?post=7726"}],"curies":[{"name":"wp","href":"https:\/\/api.w.org\/{rel}","templated":true}]}}