{"id":7903,"date":"2024-01-24T15:29:49","date_gmt":"2024-01-24T20:29:49","guid":{"rendered":"https:\/\/distillerieduquai.com\/boutique-en-ligne\/non%20class\u00e9\/t-shirt-rouge\/"},"modified":"2026-04-13T10:28:43","modified_gmt":"2026-04-13T14:28:43","slug":"t-shirt-rouge","status":"publish","type":"product","link":"https:\/\/distillerieduquai.com\/en\/boutique\/vetements\/t-shirt-rouge\/","title":{"rendered":"T-shirt &#8211; Musique"},"content":{"rendered":"<p>Voici en une image comment on distille notre Supersonic en musique. <br \/>Le tout imprim\u00e9 sur un fier chandail \u00e0 manches courtes rouge.<\/p>\n<p>100% cotton, imprim\u00e9 \u00e0 Trois-Rivi\u00e8res.<\/p>\n","protected":false},"excerpt":{"rendered":"<p>Voici en une image comment on distille notre Supersonic en musique. Le tout imprim\u00e9 sur un fier chandail \u00e0 manches courtes rouge. 100% cotton, imprim\u00e9 \u00e0 Trois-Rivi\u00e8res.<\/p>\n","protected":false},"featured_media":8605,"template":"","meta":{"_acf_changed":false},"product_brand":[],"product_cat":[201],"product_tag":[],"class_list":{"0":"post-7903","1":"product","2":"type-product","3":"status-publish","4":"has-post-thumbnail","6":"product_cat-vetements","8":"first","9":"instock","10":"taxable","11":"shipping-taxable","12":"purchasable","13":"product-type-variable"},"acf":[],"jetpack_sharing_enabled":true,"_links":{"self":[{"href":"https:\/\/distillerieduquai.com\/en\/wp-json\/wp\/v2\/product\/7903","targetHints":{"allow":["GET"]}}],"collection":[{"href":"https:\/\/distillerieduquai.com\/en\/wp-json\/wp\/v2\/product"}],"about":[{"href":"https:\/\/distillerieduquai.com\/en\/wp-json\/wp\/v2\/types\/product"}],"wp:featuredmedia":[{"embeddable":true,"href":"https:\/\/distillerieduquai.com\/en\/wp-json\/wp\/v2\/media\/8605"}],"wp:attachment":[{"href":"https:\/\/distillerieduquai.com\/en\/wp-json\/wp\/v2\/media?parent=7903"}],"wp:term":[{"taxonomy":"product_brand","embeddable":true,"href":"https:\/\/distillerieduquai.com\/en\/wp-json\/wp\/v2\/product_brand?post=7903"},{"taxonomy":"product_cat","embeddable":true,"href":"https:\/\/distillerieduquai.com\/en\/wp-json\/wp\/v2\/product_cat?post=7903"},{"taxonomy":"product_tag","embeddable":true,"href":"https:\/\/distillerieduquai.com\/en\/wp-json\/wp\/v2\/product_tag?post=7903"}],"curies":[{"name":"wp","href":"https:\/\/api.w.org\/{rel}","templated":true}]}}