{"id":7910,"date":"2024-01-24T15:29:51","date_gmt":"2024-01-24T20:29:51","guid":{"rendered":"https:\/\/distillerieduquai.com\/boutique-en-ligne\/non%20class\u00e9\/t-shirt-gris\/"},"modified":"2026-05-08T16:47:15","modified_gmt":"2026-05-08T20:47:15","slug":"t-shirt-gris","status":"publish","type":"product","link":"https:\/\/distillerieduquai.com\/en\/boutique\/vetements\/t-shirt-gris\/","title":{"rendered":"T-shirt &#8211; Quai"},"content":{"rendered":"<p>Le soleil se couche tous les jours sur le fleuve au bout de notre quai. Et il peut le faire \u00e0 tous les instants sur votre nouveau chandail \u00e0 manches courtes gris fonc\u00e9.<\/p>\n<p><\/p>\n<p>100% cotton, imprim\u00e9 \u00e0 Trois-Rivi\u00e8res.<\/p>\n","protected":false},"excerpt":{"rendered":"<p>Le soleil se couche tous les jours sur le fleuve au bout de notre quai. Et il peut le faire \u00e0 tous les instants sur votre nouveau chandail \u00e0 manches courtes gris fonc\u00e9. 100% cotton, imprim\u00e9 \u00e0 Trois-Rivi\u00e8res.<\/p>\n","protected":false},"featured_media":8607,"template":"","meta":{"_acf_changed":false},"product_brand":[],"product_cat":[201],"product_tag":[],"class_list":{"0":"post-7910","1":"product","2":"type-product","3":"status-publish","4":"has-post-thumbnail","6":"product_cat-vetements","8":"first","9":"instock","10":"taxable","11":"shipping-taxable","12":"purchasable","13":"product-type-variable"},"acf":[],"jetpack_sharing_enabled":true,"_links":{"self":[{"href":"https:\/\/distillerieduquai.com\/en\/wp-json\/wp\/v2\/product\/7910","targetHints":{"allow":["GET"]}}],"collection":[{"href":"https:\/\/distillerieduquai.com\/en\/wp-json\/wp\/v2\/product"}],"about":[{"href":"https:\/\/distillerieduquai.com\/en\/wp-json\/wp\/v2\/types\/product"}],"wp:featuredmedia":[{"embeddable":true,"href":"https:\/\/distillerieduquai.com\/en\/wp-json\/wp\/v2\/media\/8607"}],"wp:attachment":[{"href":"https:\/\/distillerieduquai.com\/en\/wp-json\/wp\/v2\/media?parent=7910"}],"wp:term":[{"taxonomy":"product_brand","embeddable":true,"href":"https:\/\/distillerieduquai.com\/en\/wp-json\/wp\/v2\/product_brand?post=7910"},{"taxonomy":"product_cat","embeddable":true,"href":"https:\/\/distillerieduquai.com\/en\/wp-json\/wp\/v2\/product_cat?post=7910"},{"taxonomy":"product_tag","embeddable":true,"href":"https:\/\/distillerieduquai.com\/en\/wp-json\/wp\/v2\/product_tag?post=7910"}],"curies":[{"name":"wp","href":"https:\/\/api.w.org\/{rel}","templated":true}]}}