{"id":8069,"date":"2024-02-03T13:47:00","date_gmt":"2024-02-03T18:47:00","guid":{"rendered":"https:\/\/distillerieduquai.com\/boutique-en-ligne\/non%20class\u00e9\/1642-sureau\/"},"modified":"2025-10-16T12:59:53","modified_gmt":"2025-10-16T16:59:53","slug":"1642-sureau","status":"publish","type":"product","link":"https:\/\/distillerieduquai.com\/en\/boutique\/sodas\/1642\/1642-sureau\/","title":{"rendered":"Fleur de sureau &#8211; 1642"},"content":{"rendered":"<p>Le 1642 Tonic Fleur de Sureau est une boisson tonique d&#39;une \u00e9l\u00e9gance rare, qui sublimera \u00e0 merveille vos gins floraux et m\u00eame ceux aux essences bor\u00e9ales. Il faut avouer que le tonic \u00e0 la fleur de sureau est d&#39;une qualit\u00e9 exceptionnelle qui ravira vos papilles!<\/p>\n<p><\/p>\n<p>Con\u00e7u avec passion au c\u0153ur du Qu\u00e9bec, et embouteill\u00e9 avec soin en Mont\u00e9r\u00e9gie, ce tonic est une fiert\u00e9 locale b\u00e9n\u00e9ficiant de la certification &#34;Aliments pr\u00e9par\u00e9s du Qu\u00e9bec&#34;. Il se distingue par son absence totale d&#39;agents de conservation et ses ar\u00f4mes 100% naturels, garantissant une exp\u00e9rience gustative pure et authentique.<\/p>\n<p><\/p>\n<p>Ce tonic est \u00e0 la fois v\u00e9gan et certifi\u00e9 sans allerg\u00e8ne, tout en respectant les normes Kasher.<\/p>\n<p>Un choix id\u00e9al pour tous!<\/p>\n","protected":false},"excerpt":{"rendered":"<p>Le 1642 Tonic Fleur de Sureau est une boisson tonique d&#39;une \u00e9l\u00e9gance rare, qui sublimera \u00e0 merveille vos gins floraux et m\u00eame ceux aux essences bor\u00e9ales. Il faut avouer que le tonic \u00e0 la fleur de sureau est d&#39;une qualit\u00e9 exceptionnelle qui ravira vos papilles! Con\u00e7u avec passion au c\u0153ur du Qu\u00e9bec, et embouteill\u00e9 avec [&hellip;]<\/p>\n","protected":false},"featured_media":8296,"template":"","meta":{"_acf_changed":false},"product_brand":[],"product_cat":[241],"product_tag":[],"class_list":{"0":"post-8069","1":"product","2":"type-product","3":"status-publish","4":"has-post-thumbnail","6":"product_cat-241","8":"first","9":"outofstock","10":"taxable","11":"shipping-taxable","12":"purchasable","13":"product-type-simple"},"acf":[],"jetpack_sharing_enabled":true,"_links":{"self":[{"href":"https:\/\/distillerieduquai.com\/en\/wp-json\/wp\/v2\/product\/8069","targetHints":{"allow":["GET"]}}],"collection":[{"href":"https:\/\/distillerieduquai.com\/en\/wp-json\/wp\/v2\/product"}],"about":[{"href":"https:\/\/distillerieduquai.com\/en\/wp-json\/wp\/v2\/types\/product"}],"wp:featuredmedia":[{"embeddable":true,"href":"https:\/\/distillerieduquai.com\/en\/wp-json\/wp\/v2\/media\/8296"}],"wp:attachment":[{"href":"https:\/\/distillerieduquai.com\/en\/wp-json\/wp\/v2\/media?parent=8069"}],"wp:term":[{"taxonomy":"product_brand","embeddable":true,"href":"https:\/\/distillerieduquai.com\/en\/wp-json\/wp\/v2\/product_brand?post=8069"},{"taxonomy":"product_cat","embeddable":true,"href":"https:\/\/distillerieduquai.com\/en\/wp-json\/wp\/v2\/product_cat?post=8069"},{"taxonomy":"product_tag","embeddable":true,"href":"https:\/\/distillerieduquai.com\/en\/wp-json\/wp\/v2\/product_tag?post=8069"}],"curies":[{"name":"wp","href":"https:\/\/api.w.org\/{rel}","templated":true}]}}