{"id":8070,"date":"2024-02-03T13:47:00","date_gmt":"2024-02-03T18:47:00","guid":{"rendered":"https:\/\/distillerieduquai.com\/boutique-en-ligne\/non%20class\u00e9\/1642-tonic\/"},"modified":"2026-04-13T10:28:14","modified_gmt":"2026-04-13T14:28:14","slug":"1642-tonic","status":"publish","type":"product","link":"https:\/\/distillerieduquai.com\/en\/boutique\/sodas\/1642\/1642-tonic\/","title":{"rendered":"Tonic &#8211; 1642"},"content":{"rendered":"<p>1642 Tonic: la premi\u00e8re eau tonique qu\u00e9b\u00e9coise avec du quassia aux ar\u00f4mes d\u2019\u00e9pinette et de lime, qui lui conf\u00e8rent une amertume parfaitement dos\u00e9e.<\/p>\n<p><\/p>\n<p>Avec son go\u00fbt peu sucr\u00e9, il saura rehausser votre gin pr\u00e9f\u00e9r\u00e9.<\/p>\n<p><\/p>\n<ul>\n<li>Fait au Qu\u00e9bec, embouteill\u00e9 en Mont\u00e9r\u00e9gie (Certifi\u00e9 Aliments pr\u00e9par\u00e9s du Qu\u00e9bec)<\/li>\n<li>Sans agent de conservation<\/li>\n<li>Ar\u00f4mes 100% naturels &#8211; ingr\u00e9dients certifi\u00e9s sans OGM<\/li>\n<li>Vegan \/ certifi\u00e9 sans allerg\u00e8ne &#8211; Kosher<\/li>\n<li>Conservation : 18 mois<\/li>\n<\/ul>\n","protected":false},"excerpt":{"rendered":"<p>1642 Tonic: la premi\u00e8re eau tonique qu\u00e9b\u00e9coise avec du quassia aux ar\u00f4mes d\u2019\u00e9pinette et de lime, qui lui conf\u00e8rent une amertume parfaitement dos\u00e9e. Avec son go\u00fbt peu sucr\u00e9, il saura rehausser votre gin pr\u00e9f\u00e9r\u00e9. Fait au Qu\u00e9bec, embouteill\u00e9 en Mont\u00e9r\u00e9gie (Certifi\u00e9 Aliments pr\u00e9par\u00e9s du Qu\u00e9bec) Sans agent de conservation Ar\u00f4mes 100% naturels &#8211; ingr\u00e9dients certifi\u00e9s [&hellip;]<\/p>\n","protected":false},"featured_media":8358,"template":"","meta":{"_acf_changed":false},"product_brand":[],"product_cat":[241],"product_tag":[],"class_list":{"0":"post-8070","1":"product","2":"type-product","3":"status-publish","4":"has-post-thumbnail","6":"product_cat-241","8":"first","9":"instock","10":"taxable","11":"shipping-taxable","12":"purchasable","13":"product-type-simple"},"acf":[],"jetpack_sharing_enabled":true,"_links":{"self":[{"href":"https:\/\/distillerieduquai.com\/en\/wp-json\/wp\/v2\/product\/8070","targetHints":{"allow":["GET"]}}],"collection":[{"href":"https:\/\/distillerieduquai.com\/en\/wp-json\/wp\/v2\/product"}],"about":[{"href":"https:\/\/distillerieduquai.com\/en\/wp-json\/wp\/v2\/types\/product"}],"wp:featuredmedia":[{"embeddable":true,"href":"https:\/\/distillerieduquai.com\/en\/wp-json\/wp\/v2\/media\/8358"}],"wp:attachment":[{"href":"https:\/\/distillerieduquai.com\/en\/wp-json\/wp\/v2\/media?parent=8070"}],"wp:term":[{"taxonomy":"product_brand","embeddable":true,"href":"https:\/\/distillerieduquai.com\/en\/wp-json\/wp\/v2\/product_brand?post=8070"},{"taxonomy":"product_cat","embeddable":true,"href":"https:\/\/distillerieduquai.com\/en\/wp-json\/wp\/v2\/product_cat?post=8070"},{"taxonomy":"product_tag","embeddable":true,"href":"https:\/\/distillerieduquai.com\/en\/wp-json\/wp\/v2\/product_tag?post=8070"}],"curies":[{"name":"wp","href":"https:\/\/api.w.org\/{rel}","templated":true}]}}