{"id":8072,"date":"2024-02-03T13:47:01","date_gmt":"2024-02-03T18:47:01","guid":{"rendered":"https:\/\/distillerieduquai.com\/boutique-en-ligne\/non%20class\u00e9\/akvavit-1989\/"},"modified":"2026-04-24T12:31:22","modified_gmt":"2026-04-24T16:31:22","slug":"akvavit-1989","status":"publish","type":"product","link":"https:\/\/distillerieduquai.com\/en\/boutique\/spiritueux\/akvavit-1989\/","title":{"rendered":"1989 Taffel Akvavit"},"content":{"rendered":"<p><strong>**Les r\u00e8glements prohibitionnistes en vigueur nous interdisent de faire livrer nos alcools. Ramassage sur place seulement**<\/strong><\/p>\n<p><\/p>\n<p>Alors que les premi\u00e8res planches sont introduites en Norv\u00e8ge, des rapports alarmants provenant des \u00c9tats-Unis\u00a0font \u00e9tat de dizaines de milliers de bless\u00e9s pratiquant ce sport. Le gouvernement en interdit donc toute pratique, le 15 novembre 1978.<\/p>\n<p><\/p>\n<p>Pendant les 11 ann\u00e9es suivantes, une bande d\u2019irr\u00e9ductibles ont maintenu en vie clandestinement la pratique de ce sport. L\u2019interdiction fut lev\u00e9e en 1989. Party!<\/p>\n<p><\/p>\n<p>Le skateboard est maintenant une discipline olympique. Bin oui!<\/p>\n<p><\/p>\n<p>Cette\u00a0<em>Taffel\u00a0Akvavit<\/em>\u00a0version qu\u00e9b\u00e9coise, est issue d\u2019une collaboration entre la Distillerie du Quai et notre ami norv\u00e9gien, Dag J\u00f8rgensen, de la brasserie\u00a0<a href=\"https:\/\/vossbryggeri.com\/\" rel=\"nofollow\">Voss Bryggeri<\/a>.<\/p>\n<p><\/p>\n<p>PS: On a justement gagn\u00e9 une m\u00e9daille d\u2019argent en 2023 aux olympiques des spiritueux, le\u00a0<a href=\"https:\/\/londonspiritscompetition.com\/awards\/certificate-validator\/10496\/\" rel=\"nofollow\">London Spirits Competition<\/a><\/p>\n<p><\/p>\n<p>Pour des id\u00e9es de recettes, visitez la section cocktails de notre site internet :<\/p>\n<p><a href=\"https:\/\/distillerieduquai.com\/cocktails\/?_alcool=1989-taffel-akvavit\" target=\"_blank\" rel=\"noreferrer noopener nofollow\">https:\/\/distillerieduquai.com\/cocktails\/?_alcool=1989-taffel-akvavit<\/a><\/p>\n<p><\/p>\n<p>Pour commander en ligne sur le site de la SAQ :<\/p>\n<p><a href=\"https:\/\/www.saq.com\/fr\/14928838\" target=\"_blank\" rel=\"noreferrer noopener nofollow\">https:\/\/www.saq.com\/fr\/14928838<\/a><\/p>\n","protected":false},"excerpt":{"rendered":"<p>**Les r\u00e8glements prohibitionnistes en vigueur nous interdisent de faire livrer nos alcools. Ramassage sur place seulement** Alors que les premi\u00e8res planches sont introduites en Norv\u00e8ge, des rapports alarmants provenant des \u00c9tats-Unis\u00a0font \u00e9tat de dizaines de milliers de bless\u00e9s pratiquant ce sport. Le gouvernement en interdit donc toute pratique, le 15 novembre 1978. Pendant les 11 [&hellip;]<\/p>\n","protected":false},"featured_media":8634,"template":"","meta":{"_acf_changed":false},"product_brand":[],"product_cat":[197],"product_tag":[],"class_list":{"0":"post-8072","1":"product","2":"type-product","3":"status-publish","4":"has-post-thumbnail","6":"product_cat-spiritueux","7":"product_shipping_class-ramassage","9":"first","10":"instock","11":"taxable","12":"shipping-taxable","13":"purchasable","14":"product-type-simple"},"acf":[],"jetpack_sharing_enabled":true,"_links":{"self":[{"href":"https:\/\/distillerieduquai.com\/en\/wp-json\/wp\/v2\/product\/8072","targetHints":{"allow":["GET"]}}],"collection":[{"href":"https:\/\/distillerieduquai.com\/en\/wp-json\/wp\/v2\/product"}],"about":[{"href":"https:\/\/distillerieduquai.com\/en\/wp-json\/wp\/v2\/types\/product"}],"wp:featuredmedia":[{"embeddable":true,"href":"https:\/\/distillerieduquai.com\/en\/wp-json\/wp\/v2\/media\/8634"}],"wp:attachment":[{"href":"https:\/\/distillerieduquai.com\/en\/wp-json\/wp\/v2\/media?parent=8072"}],"wp:term":[{"taxonomy":"product_brand","embeddable":true,"href":"https:\/\/distillerieduquai.com\/en\/wp-json\/wp\/v2\/product_brand?post=8072"},{"taxonomy":"product_cat","embeddable":true,"href":"https:\/\/distillerieduquai.com\/en\/wp-json\/wp\/v2\/product_cat?post=8072"},{"taxonomy":"product_tag","embeddable":true,"href":"https:\/\/distillerieduquai.com\/en\/wp-json\/wp\/v2\/product_tag?post=8072"}],"curies":[{"name":"wp","href":"https:\/\/api.w.org\/{rel}","templated":true}]}}