{"id":8073,"date":"2024-02-03T13:47:01","date_gmt":"2024-02-03T18:47:01","guid":{"rendered":"https:\/\/distillerieduquai.com\/boutique-en-ligne\/non%20class\u00e9\/angostura-bitters\/"},"modified":"2026-04-27T22:32:56","modified_gmt":"2026-04-28T02:32:56","slug":"angostura-bitters","status":"publish","type":"product","link":"https:\/\/distillerieduquai.com\/en\/boutique\/aromates\/angostura-bitters\/","title":{"rendered":"Bitter aromatique &#8211; Angostura"},"content":{"rendered":"<p>Au c\u0153ur du Bitter Angostura Aromatique,\u00a0se trouve un m\u00e9lange secret d&#039;ingr\u00e9dients soigneusement s\u00e9lectionn\u00e9s : \u00e9corces d&#039;orange, racines d&#039;ang\u00e9lique, \u00e9corces de quinquina, \u00e9pices exotiques et bien d&#039;autres.<\/p>\n<p>Ce m\u00e9lange complexe cr\u00e9e un profil de saveur qui allie amertume, douceur et notes aromatiques. L&#039;amertume subtile, plut\u00f4t que dominante, \u00e9quilibre parfaitement les profils de cocktails, tandis que les ar\u00f4mes s\u00e9duisants captivent les sens.<\/p>\n<p>Que vous pr\u00e9pariez un Manhattan classique, un Martini revisit\u00e9 ou m\u00eame une variante innovante de Spritz, l&#039;Angostura Bitter ajoute une dimension nouvelle et captivante \u00e0 chaque gorg\u00e9e.<\/p>\n<p>Pour des id\u00e9es de recettes, visitez la section cocktails de notre site internet.<br \/><a href=\"https:\/\/distillerieduquai.com\/cocktails\/?_ingredient=angostura\" target=\"_blank\" rel=\"noreferrer noopener nofollow\">https:\/\/distillerieduquai.com\/cocktails\/?_ingredient=angostura<\/a><\/p>\n","protected":false},"excerpt":{"rendered":"<p>Au c\u0153ur du Bitter Angostura Aromatique,\u00a0se trouve un m\u00e9lange secret d&#039;ingr\u00e9dients soigneusement s\u00e9lectionn\u00e9s : \u00e9corces d&#039;orange, racines d&#039;ang\u00e9lique, \u00e9corces de quinquina, \u00e9pices exotiques et bien d&#039;autres. Ce m\u00e9lange complexe cr\u00e9e un profil de saveur qui allie amertume, douceur et notes aromatiques. L&#039;amertume subtile, plut\u00f4t que dominante, \u00e9quilibre parfaitement les profils de cocktails, tandis que les [&hellip;]<\/p>\n","protected":false},"featured_media":11057,"template":"","meta":{"_acf_changed":false},"product_brand":[],"product_cat":[248],"product_tag":[],"class_list":{"0":"post-8073","1":"product","2":"type-product","3":"status-publish","4":"has-post-thumbnail","6":"product_cat-aromates","8":"first","9":"instock","10":"taxable","11":"shipping-taxable","12":"purchasable","13":"product-type-simple"},"acf":[],"jetpack_sharing_enabled":true,"_links":{"self":[{"href":"https:\/\/distillerieduquai.com\/en\/wp-json\/wp\/v2\/product\/8073","targetHints":{"allow":["GET"]}}],"collection":[{"href":"https:\/\/distillerieduquai.com\/en\/wp-json\/wp\/v2\/product"}],"about":[{"href":"https:\/\/distillerieduquai.com\/en\/wp-json\/wp\/v2\/types\/product"}],"wp:featuredmedia":[{"embeddable":true,"href":"https:\/\/distillerieduquai.com\/en\/wp-json\/wp\/v2\/media\/11057"}],"wp:attachment":[{"href":"https:\/\/distillerieduquai.com\/en\/wp-json\/wp\/v2\/media?parent=8073"}],"wp:term":[{"taxonomy":"product_brand","embeddable":true,"href":"https:\/\/distillerieduquai.com\/en\/wp-json\/wp\/v2\/product_brand?post=8073"},{"taxonomy":"product_cat","embeddable":true,"href":"https:\/\/distillerieduquai.com\/en\/wp-json\/wp\/v2\/product_cat?post=8073"},{"taxonomy":"product_tag","embeddable":true,"href":"https:\/\/distillerieduquai.com\/en\/wp-json\/wp\/v2\/product_tag?post=8073"}],"curies":[{"name":"wp","href":"https:\/\/api.w.org\/{rel}","templated":true}]}}