{"id":8074,"date":"2024-02-03T13:47:01","date_gmt":"2024-02-03T18:47:01","guid":{"rendered":"https:\/\/distillerieduquai.com\/boutique-en-ligne\/non%20class\u00e9\/angostura-bitters-a-lorange\/"},"modified":"2026-04-25T19:10:19","modified_gmt":"2026-04-25T23:10:19","slug":"angostura-bitters-a-lorange","status":"publish","type":"product","link":"https:\/\/distillerieduquai.com\/en\/boutique\/aromates\/angostura-bitters-a-lorange\/","title":{"rendered":"Bitter \u00e0 l&#8217;orange &#8211; Angostura"},"content":{"rendered":"<p>Le\u00a0bitter\u00a0Angostura\u00a0\u00e0 l&#039;orange est un exhausteur de saveurs. <\/p>\n<p>La recette est produite \u00e0 partir d&#039;\u00e9corces d&#039;oranges des vergers luxuriants pr\u00e9sents sur l&#039;\u00eele de Trinidad. Les oranges sont cueillies \u00e0 la main, \u00e0 la saison des pluies, afin d\u2019assurer leur fra\u00eecheur et leur go\u00fbt. <br \/>De quoi lui offrir un profil aromatique unique!<\/p>\n<p>Seules quelques gouttes suffisent pour enrichir les saveurs de vos cocktails pr\u00e9f\u00e9r\u00e9s, leur apportant une profondeur suppl\u00e9mentaire et un petit parfum d\u2019exotisme.<\/p>\n<p>Pour des id\u00e9es de recettes, visitez la section cocktails de notre site internet.<br \/><a href=\"https:\/\/distillerieduquai.com\/cocktails\/?_ingredient=angostura\" target=\"_blank\" rel=\"noreferrer noopener nofollow\">https:\/\/distillerieduquai.com\/cocktails\/?_ingredient=angostura<\/a><\/p>\n","protected":false},"excerpt":{"rendered":"<p>Le\u00a0bitter\u00a0Angostura\u00a0\u00e0 l&#039;orange est un exhausteur de saveurs. La recette est produite \u00e0 partir d&#039;\u00e9corces d&#039;oranges des vergers luxuriants pr\u00e9sents sur l&#039;\u00eele de Trinidad. Les oranges sont cueillies \u00e0 la main, \u00e0 la saison des pluies, afin d\u2019assurer leur fra\u00eecheur et leur go\u00fbt. De quoi lui offrir un profil aromatique unique! Seules quelques gouttes suffisent pour [&hellip;]<\/p>\n","protected":false},"featured_media":11056,"template":"","meta":{"_acf_changed":false},"product_brand":[],"product_cat":[248],"product_tag":[],"class_list":{"0":"post-8074","1":"product","2":"type-product","3":"status-publish","4":"has-post-thumbnail","6":"product_cat-aromates","8":"first","9":"instock","10":"taxable","11":"shipping-taxable","12":"purchasable","13":"product-type-simple"},"acf":[],"jetpack_sharing_enabled":true,"_links":{"self":[{"href":"https:\/\/distillerieduquai.com\/en\/wp-json\/wp\/v2\/product\/8074","targetHints":{"allow":["GET"]}}],"collection":[{"href":"https:\/\/distillerieduquai.com\/en\/wp-json\/wp\/v2\/product"}],"about":[{"href":"https:\/\/distillerieduquai.com\/en\/wp-json\/wp\/v2\/types\/product"}],"wp:featuredmedia":[{"embeddable":true,"href":"https:\/\/distillerieduquai.com\/en\/wp-json\/wp\/v2\/media\/11056"}],"wp:attachment":[{"href":"https:\/\/distillerieduquai.com\/en\/wp-json\/wp\/v2\/media?parent=8074"}],"wp:term":[{"taxonomy":"product_brand","embeddable":true,"href":"https:\/\/distillerieduquai.com\/en\/wp-json\/wp\/v2\/product_brand?post=8074"},{"taxonomy":"product_cat","embeddable":true,"href":"https:\/\/distillerieduquai.com\/en\/wp-json\/wp\/v2\/product_cat?post=8074"},{"taxonomy":"product_tag","embeddable":true,"href":"https:\/\/distillerieduquai.com\/en\/wp-json\/wp\/v2\/product_tag?post=8074"}],"curies":[{"name":"wp","href":"https:\/\/api.w.org\/{rel}","templated":true}]}}