{"id":8075,"date":"2024-02-03T13:47:01","date_gmt":"2024-02-03T18:47:01","guid":{"rendered":"https:\/\/distillerieduquai.com\/boutique-en-ligne\/non%20class\u00e9\/angostura-bitters-au-cacao\/"},"modified":"2026-04-13T10:28:19","modified_gmt":"2026-04-13T14:28:19","slug":"angostura-bitters-au-cacao","status":"publish","type":"product","link":"https:\/\/distillerieduquai.com\/en\/boutique\/aromates\/angostura-bitters-au-cacao\/","title":{"rendered":"Bitter au cacao &#8211; Angostura"},"content":{"rendered":"<p>Le Bitter Cacao Angostura est une d\u00e9clinaison du grand classique des amers aromatiques. <br \/>Il est \u00e9labor\u00e9 \u00e0 Trinidad, sur une base d\u2019alcool de canne \u00e0 sucre. Ses ar\u00f4mes de cacao sont issus de f\u00e8ves de la vari\u00e9t\u00e9 Trinitario, end\u00e9mique de l\u2019\u00eele.<\/p>\n<p>Ce bitter est parfait pour vos cocktails classiques et vos cr\u00e9ations. Aux ar\u00f4mes de plantes et de fleurs s\u2019ajoutent des saveurs de cacao amer et de noisette, pour un twist gourmand.<\/p>\n<p>Pour des id\u00e9es de recettes, visitez la section cocktails de notre site internet.<br \/><a href=\"https:\/\/distillerieduquai.com\/cocktails\/?_ingredient=angostura\" target=\"_blank\" rel=\"noreferrer noopener nofollow\">https:\/\/distillerieduquai.com\/cocktails\/?_ingredient=angostura<\/a><\/p>\n","protected":false},"excerpt":{"rendered":"<p>Le Bitter Cacao Angostura est une d\u00e9clinaison du grand classique des amers aromatiques. Il est \u00e9labor\u00e9 \u00e0 Trinidad, sur une base d\u2019alcool de canne \u00e0 sucre. Ses ar\u00f4mes de cacao sont issus de f\u00e8ves de la vari\u00e9t\u00e9 Trinitario, end\u00e9mique de l\u2019\u00eele. Ce bitter est parfait pour vos cocktails classiques et vos cr\u00e9ations. Aux ar\u00f4mes de [&hellip;]<\/p>\n","protected":false},"featured_media":11055,"template":"","meta":{"_acf_changed":false},"product_brand":[],"product_cat":[248],"product_tag":[],"class_list":{"0":"post-8075","1":"product","2":"type-product","3":"status-publish","4":"has-post-thumbnail","6":"product_cat-aromates","8":"first","9":"outofstock","10":"taxable","11":"shipping-taxable","12":"purchasable","13":"product-type-simple"},"acf":[],"jetpack_sharing_enabled":true,"_links":{"self":[{"href":"https:\/\/distillerieduquai.com\/en\/wp-json\/wp\/v2\/product\/8075","targetHints":{"allow":["GET"]}}],"collection":[{"href":"https:\/\/distillerieduquai.com\/en\/wp-json\/wp\/v2\/product"}],"about":[{"href":"https:\/\/distillerieduquai.com\/en\/wp-json\/wp\/v2\/types\/product"}],"wp:featuredmedia":[{"embeddable":true,"href":"https:\/\/distillerieduquai.com\/en\/wp-json\/wp\/v2\/media\/11055"}],"wp:attachment":[{"href":"https:\/\/distillerieduquai.com\/en\/wp-json\/wp\/v2\/media?parent=8075"}],"wp:term":[{"taxonomy":"product_brand","embeddable":true,"href":"https:\/\/distillerieduquai.com\/en\/wp-json\/wp\/v2\/product_brand?post=8075"},{"taxonomy":"product_cat","embeddable":true,"href":"https:\/\/distillerieduquai.com\/en\/wp-json\/wp\/v2\/product_cat?post=8075"},{"taxonomy":"product_tag","embeddable":true,"href":"https:\/\/distillerieduquai.com\/en\/wp-json\/wp\/v2\/product_tag?post=8075"}],"curies":[{"name":"wp","href":"https:\/\/api.w.org\/{rel}","templated":true}]}}