{"id":8095,"date":"2024-02-03T13:47:02","date_gmt":"2024-02-03T18:47:02","guid":{"rendered":"https:\/\/distillerieduquai.com\/boutique-en-ligne\/non%20class\u00e9\/coffret-cadeau-ddq-duo-supersonic-traverse\/"},"modified":"2026-04-13T10:28:24","modified_gmt":"2026-04-13T14:28:24","slug":"coffret-cadeau-ddq-duo-supersonic-traverse","status":"publish","type":"product","link":"https:\/\/distillerieduquai.com\/en\/boutique\/coffrets-paniers-cadeaux\/coffret-cadeau-ddq-duo-supersonic-traverse\/","title":{"rendered":"Coffret-cadeau DDQ &#8211; Duo SS\/Traverse"},"content":{"rendered":"<p><strong>**Les r\u00e8glements prohibitionnistes en vigueur nous interdisent de faire livrer nos alcools. Ramassage sur place seulement**<\/strong><\/p>\n<p><\/p>\n<p>Notre gin Supersonic accompagn\u00e9 de sa version vieillie en barrique de bourbon, La Traverse.<\/p>\n<p><\/p>\n<p>Le cadeau parfait \u00e0 offrir \u00e0 quelqu&#039;un d&#039;autre ou \u00e0 soi-m\u00eame!<\/p>\n","protected":false},"excerpt":{"rendered":"<p>**Les r\u00e8glements prohibitionnistes en vigueur nous interdisent de faire livrer nos alcools. Ramassage sur place seulement** Notre gin Supersonic accompagn\u00e9 de sa version vieillie en barrique de bourbon, La Traverse. Le cadeau parfait \u00e0 offrir \u00e0 quelqu&#039;un d&#039;autre ou \u00e0 soi-m\u00eame!<\/p>\n","protected":false},"featured_media":8404,"template":"","meta":{"_acf_changed":false},"product_brand":[],"product_cat":[348],"product_tag":[],"class_list":{"0":"post-8095","1":"product","2":"type-product","3":"status-publish","4":"has-post-thumbnail","6":"product_cat-coffrets-paniers-cadeaux","7":"product_shipping_class-ramassage","9":"first","10":"instock","11":"taxable","12":"shipping-taxable","13":"purchasable","14":"product-type-simple"},"acf":[],"jetpack_sharing_enabled":true,"_links":{"self":[{"href":"https:\/\/distillerieduquai.com\/en\/wp-json\/wp\/v2\/product\/8095","targetHints":{"allow":["GET"]}}],"collection":[{"href":"https:\/\/distillerieduquai.com\/en\/wp-json\/wp\/v2\/product"}],"about":[{"href":"https:\/\/distillerieduquai.com\/en\/wp-json\/wp\/v2\/types\/product"}],"wp:featuredmedia":[{"embeddable":true,"href":"https:\/\/distillerieduquai.com\/en\/wp-json\/wp\/v2\/media\/8404"}],"wp:attachment":[{"href":"https:\/\/distillerieduquai.com\/en\/wp-json\/wp\/v2\/media?parent=8095"}],"wp:term":[{"taxonomy":"product_brand","embeddable":true,"href":"https:\/\/distillerieduquai.com\/en\/wp-json\/wp\/v2\/product_brand?post=8095"},{"taxonomy":"product_cat","embeddable":true,"href":"https:\/\/distillerieduquai.com\/en\/wp-json\/wp\/v2\/product_cat?post=8095"},{"taxonomy":"product_tag","embeddable":true,"href":"https:\/\/distillerieduquai.com\/en\/wp-json\/wp\/v2\/product_tag?post=8095"}],"curies":[{"name":"wp","href":"https:\/\/api.w.org\/{rel}","templated":true}]}}