{"id":8102,"date":"2024-02-03T13:47:04","date_gmt":"2024-02-03T18:47:04","guid":{"rendered":"https:\/\/distillerieduquai.com\/boutique-en-ligne\/non%20class\u00e9\/doseur\/"},"modified":"2026-04-27T23:38:55","modified_gmt":"2026-04-28T03:38:55","slug":"doseur","status":"publish","type":"product","link":"https:\/\/distillerieduquai.com\/en\/boutique\/accessoires\/doseur\/","title":{"rendered":"Doseur"},"content":{"rendered":"<p>On peut doser son alcool \u00e0 l&#039;\u0153il, mais un barman s\u00e9rieux utilisera toujours un doseur. <br \/>Celui-ci a 1oz d&#039;une c\u00f4t\u00e9 et 2oz de l&#039;autre.<\/p>\n","protected":false},"excerpt":{"rendered":"<p>On peut doser son alcool \u00e0 l&#039;\u0153il, mais un barman s\u00e9rieux utilisera toujours un doseur. Celui-ci a 1oz d&#039;une c\u00f4t\u00e9 et 2oz de l&#039;autre.<\/p>\n","protected":false},"featured_media":8834,"template":"","meta":{"_acf_changed":false},"product_brand":[],"product_cat":[252],"product_tag":[],"class_list":{"0":"post-8102","1":"product","2":"type-product","3":"status-publish","4":"has-post-thumbnail","6":"product_cat-accessoires","8":"first","9":"instock","10":"taxable","11":"shipping-taxable","12":"purchasable","13":"product-type-simple"},"acf":[],"jetpack_sharing_enabled":true,"_links":{"self":[{"href":"https:\/\/distillerieduquai.com\/en\/wp-json\/wp\/v2\/product\/8102","targetHints":{"allow":["GET"]}}],"collection":[{"href":"https:\/\/distillerieduquai.com\/en\/wp-json\/wp\/v2\/product"}],"about":[{"href":"https:\/\/distillerieduquai.com\/en\/wp-json\/wp\/v2\/types\/product"}],"wp:featuredmedia":[{"embeddable":true,"href":"https:\/\/distillerieduquai.com\/en\/wp-json\/wp\/v2\/media\/8834"}],"wp:attachment":[{"href":"https:\/\/distillerieduquai.com\/en\/wp-json\/wp\/v2\/media?parent=8102"}],"wp:term":[{"taxonomy":"product_brand","embeddable":true,"href":"https:\/\/distillerieduquai.com\/en\/wp-json\/wp\/v2\/product_brand?post=8102"},{"taxonomy":"product_cat","embeddable":true,"href":"https:\/\/distillerieduquai.com\/en\/wp-json\/wp\/v2\/product_cat?post=8102"},{"taxonomy":"product_tag","embeddable":true,"href":"https:\/\/distillerieduquai.com\/en\/wp-json\/wp\/v2\/product_tag?post=8102"}],"curies":[{"name":"wp","href":"https:\/\/api.w.org\/{rel}","templated":true}]}}