{"id":8104,"date":"2024-02-03T13:47:04","date_gmt":"2024-02-03T18:47:04","guid":{"rendered":"https:\/\/distillerieduquai.com\/boutique-en-ligne\/non%20class\u00e9\/fentimans-conoisseur\/"},"modified":"2026-04-13T10:27:56","modified_gmt":"2026-04-13T14:27:56","slug":"fentimans-conoisseur","status":"publish","type":"product","link":"https:\/\/distillerieduquai.com\/en\/boutique\/sodas\/fentimans\/fentimans-conoisseur\/","title":{"rendered":"Connaisseur &#8211; Fentimans"},"content":{"rendered":"<p>L&#039;eau tonique polyvalente Connaisseur a \u00e9t\u00e9 sp\u00e9cialement cr\u00e9\u00e9e avec une infusion d\u00e9licate de plantes naturelles et de quinine, pour un go\u00fbt propre et \u00e9quilibr\u00e9.\u00a0Le profil aromatique d\u00e9licat de cette eau tonique haut de gamme rehausse et amplifie les magnifiques plantes des spiritueux haut de gamme, laissant l&#039;esprit \u00eatre le h\u00e9ros.<\/p>\n<p>Elle se marie \u00e0 merveille comme m\u00e9langeur de gin \u2013 surtout les gins aux agrumes, comme l\u2019orange, le pamplemousse ou le citron.\u00a0Vous pouvez \u00e9galement le m\u00e9langer avec un gin riche en geni\u00e8vre ou une racine, pour une magnifique exp\u00e9rience botanique. Si vous pr\u00e9f\u00e9rez un mixeur plus sucr\u00e9, ce tonic se combine parfaitement avec de la limonade ou d&#039;autres boissons gazeuses.<\/p>\n<p>Sans gluten et v\u00e9g\u00e9talien.<\/p>\n<p><strong>Vendu en paquet de 4 bouteilles de 200 ml<\/strong><\/p>\n","protected":false},"excerpt":{"rendered":"<p>L&#039;eau tonique polyvalente Connaisseur a \u00e9t\u00e9 sp\u00e9cialement cr\u00e9\u00e9e avec une infusion d\u00e9licate de plantes naturelles et de quinine, pour un go\u00fbt propre et \u00e9quilibr\u00e9.\u00a0Le profil aromatique d\u00e9licat de cette eau tonique haut de gamme rehausse et amplifie les magnifiques plantes des spiritueux haut de gamme, laissant l&#039;esprit \u00eatre le h\u00e9ros. Elle se marie \u00e0 merveille [&hellip;]<\/p>\n","protected":false},"featured_media":8636,"template":"","meta":{"_acf_changed":false},"product_brand":[],"product_cat":[154],"product_tag":[],"class_list":{"0":"post-8104","1":"product","2":"type-product","3":"status-publish","4":"has-post-thumbnail","6":"product_cat-fentimans","8":"first","9":"instock","10":"taxable","11":"shipping-taxable","12":"purchasable","13":"product-type-simple"},"acf":[],"jetpack_sharing_enabled":true,"_links":{"self":[{"href":"https:\/\/distillerieduquai.com\/en\/wp-json\/wp\/v2\/product\/8104","targetHints":{"allow":["GET"]}}],"collection":[{"href":"https:\/\/distillerieduquai.com\/en\/wp-json\/wp\/v2\/product"}],"about":[{"href":"https:\/\/distillerieduquai.com\/en\/wp-json\/wp\/v2\/types\/product"}],"wp:featuredmedia":[{"embeddable":true,"href":"https:\/\/distillerieduquai.com\/en\/wp-json\/wp\/v2\/media\/8636"}],"wp:attachment":[{"href":"https:\/\/distillerieduquai.com\/en\/wp-json\/wp\/v2\/media?parent=8104"}],"wp:term":[{"taxonomy":"product_brand","embeddable":true,"href":"https:\/\/distillerieduquai.com\/en\/wp-json\/wp\/v2\/product_brand?post=8104"},{"taxonomy":"product_cat","embeddable":true,"href":"https:\/\/distillerieduquai.com\/en\/wp-json\/wp\/v2\/product_cat?post=8104"},{"taxonomy":"product_tag","embeddable":true,"href":"https:\/\/distillerieduquai.com\/en\/wp-json\/wp\/v2\/product_tag?post=8104"}],"curies":[{"name":"wp","href":"https:\/\/api.w.org\/{rel}","templated":true}]}}