{"id":8112,"date":"2024-02-03T13:47:04","date_gmt":"2024-02-03T18:47:04","guid":{"rendered":"https:\/\/distillerieduquai.com\/boutique-en-ligne\/non%20class\u00e9\/fever-tree-indian-tonic\/"},"modified":"2026-04-13T10:27:57","modified_gmt":"2026-04-13T14:27:57","slug":"fever-tree-indian-tonic","status":"publish","type":"product","link":"https:\/\/distillerieduquai.com\/en\/boutique\/sodas\/fever-tree\/fever-tree-indian-tonic\/","title":{"rendered":"Tonic Premi\u00e8re Qualit\u00e9 &#8211; Fever-Tree"},"content":{"rendered":"<p>Ce soda tonique est un heureux m\u00e9lange de diff\u00e9rents ingr\u00e9dients botaniques, dont la si distinctive quinine naturelle et des essences d\u2019oranges am\u00e8res du Mexique, qui offre un go\u00fbt et des ar\u00f4mes aussi uniques que rafra\u00eechissants.<\/p>\n<p><\/p>\n<p>Il sublime les meilleurs gins, vodkas et vins fortifi\u00e9s, comme le vermouth, le x\u00e9r\u00e8s fino et le porto blanc.<\/p>\n","protected":false},"excerpt":{"rendered":"<p>Ce soda tonique est un heureux m\u00e9lange de diff\u00e9rents ingr\u00e9dients botaniques, dont la si distinctive quinine naturelle et des essences d\u2019oranges am\u00e8res du Mexique, qui offre un go\u00fbt et des ar\u00f4mes aussi uniques que rafra\u00eechissants. Il sublime les meilleurs gins, vodkas et vins fortifi\u00e9s, comme le vermouth, le x\u00e9r\u00e8s fino et le porto blanc.<\/p>\n","protected":false},"featured_media":8300,"template":"","meta":{"_acf_changed":false},"product_brand":[],"product_cat":[156],"product_tag":[],"class_list":{"0":"post-8112","1":"product","2":"type-product","3":"status-publish","4":"has-post-thumbnail","6":"product_cat-fever-tree","8":"first","9":"outofstock","10":"taxable","11":"shipping-taxable","12":"purchasable","13":"product-type-simple"},"acf":[],"jetpack_sharing_enabled":true,"_links":{"self":[{"href":"https:\/\/distillerieduquai.com\/en\/wp-json\/wp\/v2\/product\/8112","targetHints":{"allow":["GET"]}}],"collection":[{"href":"https:\/\/distillerieduquai.com\/en\/wp-json\/wp\/v2\/product"}],"about":[{"href":"https:\/\/distillerieduquai.com\/en\/wp-json\/wp\/v2\/types\/product"}],"wp:featuredmedia":[{"embeddable":true,"href":"https:\/\/distillerieduquai.com\/en\/wp-json\/wp\/v2\/media\/8300"}],"wp:attachment":[{"href":"https:\/\/distillerieduquai.com\/en\/wp-json\/wp\/v2\/media?parent=8112"}],"wp:term":[{"taxonomy":"product_brand","embeddable":true,"href":"https:\/\/distillerieduquai.com\/en\/wp-json\/wp\/v2\/product_brand?post=8112"},{"taxonomy":"product_cat","embeddable":true,"href":"https:\/\/distillerieduquai.com\/en\/wp-json\/wp\/v2\/product_cat?post=8112"},{"taxonomy":"product_tag","embeddable":true,"href":"https:\/\/distillerieduquai.com\/en\/wp-json\/wp\/v2\/product_tag?post=8112"}],"curies":[{"name":"wp","href":"https:\/\/api.w.org\/{rel}","templated":true}]}}