{"id":8115,"date":"2024-02-03T13:47:04","date_gmt":"2024-02-03T18:47:04","guid":{"rendered":"https:\/\/distillerieduquai.com\/boutique-en-ligne\/non%20class\u00e9\/fruits-seches\/"},"modified":"2026-04-25T19:35:24","modified_gmt":"2026-04-25T23:35:24","slug":"fruits-seches","status":"publish","type":"product","link":"https:\/\/distillerieduquai.com\/en\/boutique\/aromates\/fruits-seches\/","title":{"rendered":"Tranches d&#8217;agrumes d\u00e9shydrat\u00e9es"},"content":{"rendered":"<p>Que la pr\u00e9paration de cocktail soit pour vous un moment agr\u00e9able, un travail ou une passion, cr\u00e9er une d\u00e9coration qui ajoute une beaut\u00e9 originale au r\u00e9sultat final est un art qui se d\u00e9veloppe.<\/p>\n<p><\/p>\n<p>Qu\u2019elles soient d\u00e9pos\u00e9es sur le liquide \u00e0 boire ou plac\u00e9es sur la paroi du verre ou de la coupe, les rondelles de fruits d\u00e9shydrat\u00e9s rehaussent la pr\u00e9sentation de tout cocktail. En plus d\u2019\u00eatre faciles et rapides \u00e0 utiliser, elles se d\u00e9gustent sans probl\u00e8me une fois r\u00e9hydrat\u00e9es. Les\u00a0rondelles d&#039;agrumes d\u00e9gagent de succulentes saveurs\u00a0dont l\u2019exotisme r\u00e9gale nos papilles.<\/p>\n","protected":false},"excerpt":{"rendered":"<p>Que la pr\u00e9paration de cocktail soit pour vous un moment agr\u00e9able, un travail ou une passion, cr\u00e9er une d\u00e9coration qui ajoute une beaut\u00e9 originale au r\u00e9sultat final est un art qui se d\u00e9veloppe. Qu\u2019elles soient d\u00e9pos\u00e9es sur le liquide \u00e0 boire ou plac\u00e9es sur la paroi du verre ou de la coupe, les rondelles de [&hellip;]<\/p>\n","protected":false},"featured_media":10848,"template":"","meta":{"_acf_changed":false},"product_brand":[],"product_cat":[248],"product_tag":[],"class_list":{"0":"post-8115","1":"product","2":"type-product","3":"status-publish","4":"has-post-thumbnail","6":"product_cat-aromates","8":"first","9":"instock","10":"taxable","11":"shipping-taxable","12":"purchasable","13":"product-type-simple"},"acf":[],"jetpack_sharing_enabled":true,"_links":{"self":[{"href":"https:\/\/distillerieduquai.com\/en\/wp-json\/wp\/v2\/product\/8115","targetHints":{"allow":["GET"]}}],"collection":[{"href":"https:\/\/distillerieduquai.com\/en\/wp-json\/wp\/v2\/product"}],"about":[{"href":"https:\/\/distillerieduquai.com\/en\/wp-json\/wp\/v2\/types\/product"}],"wp:featuredmedia":[{"embeddable":true,"href":"https:\/\/distillerieduquai.com\/en\/wp-json\/wp\/v2\/media\/10848"}],"wp:attachment":[{"href":"https:\/\/distillerieduquai.com\/en\/wp-json\/wp\/v2\/media?parent=8115"}],"wp:term":[{"taxonomy":"product_brand","embeddable":true,"href":"https:\/\/distillerieduquai.com\/en\/wp-json\/wp\/v2\/product_brand?post=8115"},{"taxonomy":"product_cat","embeddable":true,"href":"https:\/\/distillerieduquai.com\/en\/wp-json\/wp\/v2\/product_cat?post=8115"},{"taxonomy":"product_tag","embeddable":true,"href":"https:\/\/distillerieduquai.com\/en\/wp-json\/wp\/v2\/product_tag?post=8115"}],"curies":[{"name":"wp","href":"https:\/\/api.w.org\/{rel}","templated":true}]}}