{"id":8118,"date":"2024-02-03T13:47:04","date_gmt":"2024-02-03T18:47:04","guid":{"rendered":"https:\/\/distillerieduquai.com\/boutique-en-ligne\/non%20class\u00e9\/gurds-tonic\/"},"modified":"2026-04-13T10:27:55","modified_gmt":"2026-04-13T14:27:55","slug":"gurds-tonic","status":"publish","type":"product","link":"https:\/\/distillerieduquai.com\/en\/boutique\/sodas\/gurds\/gurds-tonic\/","title":{"rendered":"Soda Tonique &#8211; Gurd&#8217;s (Pack 4)"},"content":{"rendered":"<p>Combinez le mixeur Gurd&#39;s Soda Tonique avec votre gin pr\u00e9f\u00e9r\u00e9 pour obtenir un Gin Tonic sans pareil avec une touche qu\u00e9b\u00e9coise authentique.<\/p>\n<p><\/p>\n<ul>\n<li>100% local (Qu\u00e9bec)<\/li>\n<li>Jusqu&#39;\u00e0 25% moins de sucre<\/li>\n<li>Ar\u00f4mes naturels<\/li>\n<\/ul>\n","protected":false},"excerpt":{"rendered":"<p>Combinez le mixeur Gurd&#39;s Soda Tonique avec votre gin pr\u00e9f\u00e9r\u00e9 pour obtenir un Gin Tonic sans pareil avec une touche qu\u00e9b\u00e9coise authentique. 100% local (Qu\u00e9bec) Jusqu&#39;\u00e0 25% moins de sucre Ar\u00f4mes naturels<\/p>\n","protected":false},"featured_media":8274,"template":"","meta":{"_acf_changed":false},"product_brand":[],"product_cat":[157],"product_tag":[],"class_list":{"0":"post-8118","1":"product","2":"type-product","3":"status-publish","4":"has-post-thumbnail","6":"product_cat-gurds","8":"first","9":"outofstock","10":"taxable","11":"shipping-taxable","12":"purchasable","13":"product-type-simple"},"acf":[],"jetpack_sharing_enabled":true,"_links":{"self":[{"href":"https:\/\/distillerieduquai.com\/en\/wp-json\/wp\/v2\/product\/8118","targetHints":{"allow":["GET"]}}],"collection":[{"href":"https:\/\/distillerieduquai.com\/en\/wp-json\/wp\/v2\/product"}],"about":[{"href":"https:\/\/distillerieduquai.com\/en\/wp-json\/wp\/v2\/types\/product"}],"wp:featuredmedia":[{"embeddable":true,"href":"https:\/\/distillerieduquai.com\/en\/wp-json\/wp\/v2\/media\/8274"}],"wp:attachment":[{"href":"https:\/\/distillerieduquai.com\/en\/wp-json\/wp\/v2\/media?parent=8118"}],"wp:term":[{"taxonomy":"product_brand","embeddable":true,"href":"https:\/\/distillerieduquai.com\/en\/wp-json\/wp\/v2\/product_brand?post=8118"},{"taxonomy":"product_cat","embeddable":true,"href":"https:\/\/distillerieduquai.com\/en\/wp-json\/wp\/v2\/product_cat?post=8118"},{"taxonomy":"product_tag","embeddable":true,"href":"https:\/\/distillerieduquai.com\/en\/wp-json\/wp\/v2\/product_tag?post=8118"}],"curies":[{"name":"wp","href":"https:\/\/api.w.org\/{rel}","templated":true}]}}