{"id":8134,"date":"2024-02-03T13:47:06","date_gmt":"2024-02-03T18:47:06","guid":{"rendered":"https:\/\/distillerieduquai.com\/boutique-en-ligne\/non%20class\u00e9\/humble-abricot\/"},"modified":"2026-04-13T10:28:08","modified_gmt":"2026-04-13T14:28:08","slug":"humble-abricot","status":"publish","type":"product","link":"https:\/\/distillerieduquai.com\/en\/boutique\/humble\/humble-abricot\/","title":{"rendered":"Humble Abricot"},"content":{"rendered":"<p><strong>**Les r\u00e8glements prohibitionnistes en vigueur nous interdisent de faire livrer nos alcools. Ramassage sur place seulement**<\/strong><\/p>\n<p><\/p>\n<p><strong>Boisson alcoolis\u00e9e aromatis\u00e9e aux abricots et au brandy<\/strong><\/p>\n<p>En collaboration avec le Barman Bruno, nous vous pr\u00e9sentons notre liqueur d\u2019abricots et de brandy fabriqu\u00e9e au Qu\u00e9bec. Elle contient des ar\u00f4mes de brandy, d&#39;abricot, de p\u00eache et d&#39;orgeat.<\/p>\n<p><\/p>\n<p>C\u2019est frais, rafra\u00eechissant, l\u00e9ger et pas trop sucr\u00e9. Un alli\u00e9 de choix pour vos prochains cocktails!<\/p>\n<p><\/p>\n<p>Pour des id\u00e9es de recettes, visitez la section cocktails de notre site internet :<\/p>\n<p><a href=\"https:\/\/distillerieduquai.com\/cocktails\/?_alcool=humble-brandy-abricot\" target=\"_blank\" rel=\"noreferrer noopener nofollow\">https:\/\/distillerieduquai.com\/cocktails\/?_alcool=humble-brandy-abricot<\/a><\/p>\n<p><\/p>\n<p>Pour commander en ligne sur le site de la SAQ :<\/p>\n<p><a href=\"https:\/\/www.saq.com\/fr\/15237334\" target=\"_blank\" rel=\"noreferrer noopener nofollow\">https:\/\/www.saq.com\/fr\/15237334<\/a><\/p>\n","protected":false},"excerpt":{"rendered":"<p>**Les r\u00e8glements prohibitionnistes en vigueur nous interdisent de faire livrer nos alcools. Ramassage sur place seulement** Boisson alcoolis\u00e9e aromatis\u00e9e aux abricots et au brandy En collaboration avec le Barman Bruno, nous vous pr\u00e9sentons notre liqueur d\u2019abricots et de brandy fabriqu\u00e9e au Qu\u00e9bec. Elle contient des ar\u00f4mes de brandy, d&#39;abricot, de p\u00eache et d&#39;orgeat. C\u2019est frais, [&hellip;]<\/p>\n","protected":false},"featured_media":8336,"template":"","meta":{"_acf_changed":false},"product_brand":[],"product_cat":[199],"product_tag":[],"class_list":{"0":"post-8134","1":"product","2":"type-product","3":"status-publish","4":"has-post-thumbnail","6":"product_cat-humble","8":"first","9":"instock","10":"taxable","11":"shipping-taxable","12":"purchasable","13":"product-type-simple"},"acf":[],"jetpack_sharing_enabled":true,"_links":{"self":[{"href":"https:\/\/distillerieduquai.com\/en\/wp-json\/wp\/v2\/product\/8134","targetHints":{"allow":["GET"]}}],"collection":[{"href":"https:\/\/distillerieduquai.com\/en\/wp-json\/wp\/v2\/product"}],"about":[{"href":"https:\/\/distillerieduquai.com\/en\/wp-json\/wp\/v2\/types\/product"}],"wp:featuredmedia":[{"embeddable":true,"href":"https:\/\/distillerieduquai.com\/en\/wp-json\/wp\/v2\/media\/8336"}],"wp:attachment":[{"href":"https:\/\/distillerieduquai.com\/en\/wp-json\/wp\/v2\/media?parent=8134"}],"wp:term":[{"taxonomy":"product_brand","embeddable":true,"href":"https:\/\/distillerieduquai.com\/en\/wp-json\/wp\/v2\/product_brand?post=8134"},{"taxonomy":"product_cat","embeddable":true,"href":"https:\/\/distillerieduquai.com\/en\/wp-json\/wp\/v2\/product_cat?post=8134"},{"taxonomy":"product_tag","embeddable":true,"href":"https:\/\/distillerieduquai.com\/en\/wp-json\/wp\/v2\/product_tag?post=8134"}],"curies":[{"name":"wp","href":"https:\/\/api.w.org\/{rel}","templated":true}]}}