{"id":8148,"date":"2024-02-03T13:47:07","date_gmt":"2024-02-03T18:47:07","guid":{"rendered":"https:\/\/distillerieduquai.com\/boutique-en-ligne\/non%20class\u00e9\/la-traverse\/"},"modified":"2026-04-13T10:28:02","modified_gmt":"2026-04-13T14:28:02","slug":"la-traverse","status":"publish","type":"product","link":"https:\/\/distillerieduquai.com\/en\/boutique\/artisan\/la-traverse\/","title":{"rendered":"La traverse"},"content":{"rendered":"<p><strong>**Les r\u00e8glements prohibitionnistes en vigueur nous interdisent de faire livrer nos alcools. Ramassage sur place seulement**<\/strong><\/p>\n<p><\/p>\n<p><strong>**Tous nos produits artisans incluent un beau sticker de votre choix**<\/strong><\/p>\n<p><\/p>\n<p>En 1853, le bateau \u00e0 vapeur Charles-\u00c9douard assure le premier service de traversier entre la Rive-Sud et la Rive-Nord \u00e0 partir du quai de Sainte-Ang\u00e8le. C\u2019\u00e9tait la f\u00eate \u00e0 bord. <\/p>\n<p><\/p>\n<p>170 ans plus tard, un groupe de distillateurs enthousiastes font vieillir en musique un gin durant 12 mois dans des barriques de bourbon ayant pr\u00e9alablement h\u00e9berg\u00e9 un stout imp\u00e9rial.<\/p>\n<p><\/p>\n<p>C\u00e9l\u00e9brez avec nous ce lien qui unit les deux rives avec ce riche liquide, au go\u00fbt vanill\u00e9-bois\u00e9 \u00e0 la finale de geni\u00e8vre, tout en \u00e9coutant sa liste de lecture de vieux classiques ind\u00e9modables. \u200b<\/p>\n<p><\/p>\n<p>Pour des id\u00e9es de recettes, visitez la section cocktails de notre site internet.<\/p>\n<p><a href=\"https:\/\/distillerieduquai.com\/cocktails\/?_alcool=la-traverse-gin-vieilli-en-barrique-de-bourbon\" target=\"_blank\" rel=\"noreferrer noopener nofollow\">https:\/\/distillerieduquai.com\/cocktails\/?_alcool=la-traverse-gin-vieilli-en-barrique-de-bourbon<\/a><\/p>\n","protected":false},"excerpt":{"rendered":"<p>**Les r\u00e8glements prohibitionnistes en vigueur nous interdisent de faire livrer nos alcools. Ramassage sur place seulement** **Tous nos produits artisans incluent un beau sticker de votre choix** En 1853, le bateau \u00e0 vapeur Charles-\u00c9douard assure le premier service de traversier entre la Rive-Sud et la Rive-Nord \u00e0 partir du quai de Sainte-Ang\u00e8le. C\u2019\u00e9tait la f\u00eate [&hellip;]<\/p>\n","protected":false},"featured_media":8678,"template":"","meta":{"_acf_changed":false},"product_brand":[],"product_cat":[224],"product_tag":[],"class_list":{"0":"post-8148","1":"product","2":"type-product","3":"status-publish","4":"has-post-thumbnail","6":"product_cat-artisan","8":"first","9":"instock","10":"taxable","11":"shipping-taxable","12":"purchasable","13":"product-type-simple"},"acf":[],"jetpack_sharing_enabled":true,"_links":{"self":[{"href":"https:\/\/distillerieduquai.com\/en\/wp-json\/wp\/v2\/product\/8148","targetHints":{"allow":["GET"]}}],"collection":[{"href":"https:\/\/distillerieduquai.com\/en\/wp-json\/wp\/v2\/product"}],"about":[{"href":"https:\/\/distillerieduquai.com\/en\/wp-json\/wp\/v2\/types\/product"}],"wp:featuredmedia":[{"embeddable":true,"href":"https:\/\/distillerieduquai.com\/en\/wp-json\/wp\/v2\/media\/8678"}],"wp:attachment":[{"href":"https:\/\/distillerieduquai.com\/en\/wp-json\/wp\/v2\/media?parent=8148"}],"wp:term":[{"taxonomy":"product_brand","embeddable":true,"href":"https:\/\/distillerieduquai.com\/en\/wp-json\/wp\/v2\/product_brand?post=8148"},{"taxonomy":"product_cat","embeddable":true,"href":"https:\/\/distillerieduquai.com\/en\/wp-json\/wp\/v2\/product_cat?post=8148"},{"taxonomy":"product_tag","embeddable":true,"href":"https:\/\/distillerieduquai.com\/en\/wp-json\/wp\/v2\/product_tag?post=8148"}],"curies":[{"name":"wp","href":"https:\/\/api.w.org\/{rel}","templated":true}]}}