{"id":8151,"date":"2024-02-03T13:47:07","date_gmt":"2024-02-03T18:47:07","guid":{"rendered":"https:\/\/distillerieduquai.com\/boutique-en-ligne\/non%20class\u00e9\/outlast\/"},"modified":"2026-04-13T10:28:12","modified_gmt":"2026-04-13T14:28:12","slug":"outlast","status":"publish","type":"product","link":"https:\/\/distillerieduquai.com\/en\/boutique\/spiritueux\/outlast\/","title":{"rendered":"Outlast &#8211; Gin aux pistaches"},"content":{"rendered":"<p><strong>**Les r\u00e8glements prohibitionnistes en vigueur nous interdisent de faire livrer nos alcools. Ramassage sur place seulement**<\/strong><\/p>\n<p><\/p>\n<p>Red Barrels\u00a0et le Sergent Leland Coyle ont en commun l\u2019amour des pistaches.\u00a0<\/p>\n<p>C\u2019est pourquoi ce prestigieux studio ind\u00e9pendant de jeux vid\u00e9o montr\u00e9alais a demand\u00e9\u00a0\u00e0 notre innovante distillerie de Ste-Ang\u00e8le de cr\u00e9er l\u2019esprit parfait pour d\u00e9tendre les sujets apr\u00e8s une rude journ\u00e9e d\u2019\u00e9preuves de haute importance scientifique.\u00a0<\/p>\n<p><\/p>\n<p>Ce gin aux pistaches color\u00e9 naturellement avec de la chlorophylle, est aromatis\u00e9 notamment avec trois herbes d\u2019ici\u00a0: la matricaire odorante, le basilic sacr\u00e9 et le myrique baumier. Son c\u00f4t\u00e9 floral, puissant mais apaisant, ainsi que sa couleur particuli\u00e8re feront de cette collaboration un liquide parfait \u00e0 d\u00e9guster sur glace ou en cocktail.<\/p>\n<p><\/p>\n<p>Pour des id\u00e9es de recettes, visitez la section cocktails de notre site internet :<\/p>\n<p><a href=\"https:\/\/distillerieduquai.com\/cocktails\/?_alcool=outlast-gin-aux-pistaches\" target=\"_blank\" rel=\"noreferrer noopener nofollow\">https:\/\/distillerieduquai.com\/cocktails\/?_alcool=outlast-gin-aux-pistaches<\/a><\/p>\n<p><\/p>\n<p>Pour commander en ligne sur le site de la SAQ :<\/p>\n<p><a href=\"https:\/\/www.saq.com\/fr\/15278857\" target=\"_blank\" rel=\"noreferrer noopener nofollow\">https:\/\/www.saq.com\/fr\/15278857<\/a><\/p>\n","protected":false},"excerpt":{"rendered":"<p>**Les r\u00e8glements prohibitionnistes en vigueur nous interdisent de faire livrer nos alcools. Ramassage sur place seulement** Red Barrels\u00a0et le Sergent Leland Coyle ont en commun l\u2019amour des pistaches.\u00a0 C\u2019est pourquoi ce prestigieux studio ind\u00e9pendant de jeux vid\u00e9o montr\u00e9alais a demand\u00e9\u00a0\u00e0 notre innovante distillerie de Ste-Ang\u00e8le de cr\u00e9er l\u2019esprit parfait pour d\u00e9tendre les sujets apr\u00e8s une [&hellip;]<\/p>\n","protected":false},"featured_media":8700,"template":"","meta":{"_acf_changed":false},"product_brand":[],"product_cat":[197],"product_tag":[],"class_list":{"0":"post-8151","1":"product","2":"type-product","3":"status-publish","4":"has-post-thumbnail","6":"product_cat-spiritueux","7":"product_shipping_class-ramassage","9":"first","10":"instock","11":"taxable","12":"shipping-taxable","13":"purchasable","14":"product-type-simple"},"acf":[],"jetpack_sharing_enabled":true,"_links":{"self":[{"href":"https:\/\/distillerieduquai.com\/en\/wp-json\/wp\/v2\/product\/8151","targetHints":{"allow":["GET"]}}],"collection":[{"href":"https:\/\/distillerieduquai.com\/en\/wp-json\/wp\/v2\/product"}],"about":[{"href":"https:\/\/distillerieduquai.com\/en\/wp-json\/wp\/v2\/types\/product"}],"wp:featuredmedia":[{"embeddable":true,"href":"https:\/\/distillerieduquai.com\/en\/wp-json\/wp\/v2\/media\/8700"}],"wp:attachment":[{"href":"https:\/\/distillerieduquai.com\/en\/wp-json\/wp\/v2\/media?parent=8151"}],"wp:term":[{"taxonomy":"product_brand","embeddable":true,"href":"https:\/\/distillerieduquai.com\/en\/wp-json\/wp\/v2\/product_brand?post=8151"},{"taxonomy":"product_cat","embeddable":true,"href":"https:\/\/distillerieduquai.com\/en\/wp-json\/wp\/v2\/product_cat?post=8151"},{"taxonomy":"product_tag","embeddable":true,"href":"https:\/\/distillerieduquai.com\/en\/wp-json\/wp\/v2\/product_tag?post=8151"}],"curies":[{"name":"wp","href":"https:\/\/api.w.org\/{rel}","templated":true}]}}